{"id":8721,"date":"2024-07-18T18:21:21","date_gmt":"2024-07-18T16:21:21","guid":{"rendered":"https:\/\/mobilvetta.it\/?page_id=8721"},"modified":"2025-07-14T12:43:15","modified_gmt":"2025-07-14T10:43:15","slug":"les-equipements-admiral","status":"publish","type":"page","link":"https:\/\/mobilvetta.it\/fr\/les-equipements-admiral\/","title":{"rendered":"LES \u00c9QUIPEMENTS ADMIRAL"},"content":{"rendered":"<div class=\"table-responsive\"><table class=\"table\" style=\"width: 66.5221%;\" width=\"743\">\n<tbody>\n<tr>\n<td style=\"width: 80.7327%;\" width=\"610\"><\/td>\n<td style=\"width: 27.9773%; text-align: center;\" width=\"133\"><strong>ADMIRAL<\/strong><\/td>\n<\/tr>\n<tr>\n<td style=\"width: 80.7327%;\"><strong>CH\u00c2SSIS ET EXTERIEURS<\/strong><\/td>\n<td style=\"width: 27.9773%; text-align: center;\"><\/td>\n<\/tr>\n<tr>\n<td style=\"width: 80.7327%;\">Porteur Fiat Ducato &#8211; Euro 6 E-bis<\/td>\n<td style=\"width: 27.9773%; text-align: center;\">140 CV<\/td>\n<\/tr>\n<tr>\n<td style=\"width: 80.7327%;\">Climatisation cabine<\/td>\n<td style=\"width: 27.9773%; text-align: center;\">manuelle<\/td>\n<\/tr>\n<tr>\n<td style=\"width: 80.7327%;\">Frein \u00e0 main \u00e9lectrique<\/td>\n<td style=\"width: 27.9773%; text-align: center;\">de s\u00e9rie<\/td>\n<\/tr>\n<tr>\n<td style=\"width: 80.7327%;\">Traction + \/ Descente de colline<\/td>\n<td style=\"width: 27.9773%; text-align: center;\">de s\u00e9rie \/ de s\u00e9rie<\/td>\n<\/tr>\n<tr>\n<td style=\"width: 80.7327%;\">R\u00e9gulateur de vitesse avec limiteur de vitesse<\/td>\n<td style=\"width: 27.9773%; text-align: center;\">de s\u00e9rie<\/td>\n<\/tr>\n<tr>\n<td style=\"width: 80.7327%;\">Roues 16\u00a0\u00bb \/ Jantes a\u00a0 16&Prime;<\/td>\n<td style=\"width: 27.9773%; text-align: center;\">de s\u00e9rie<\/td>\n<\/tr>\n<tr>\n<td style=\"width: 80.7327%;\">Jantes en alliage<\/td>\n<td style=\"width: 27.9773%; text-align: center;\">noir<\/td>\n<\/tr>\n<tr>\n<td style=\"width: 80.7327%;\">Pare-chocs peint + grille en couleur carrosserie<\/td>\n<td style=\"width: 27.9773%; text-align: center;\">de s\u00e9rie<\/td>\n<\/tr>\n<tr>\n<td style=\"width: 80.7327%;\">Entourage de phares noirs<\/td>\n<td style=\"width: 27.9773%; text-align: center;\">de s\u00e9rie<\/td>\n<\/tr>\n<tr>\n<td style=\"width: 80.7327%;\">R\u00e9servoir diesel<\/td>\n<td style=\"width: 27.9773%; text-align: center;\">90 l<\/td>\n<\/tr>\n<tr>\n<td style=\"width: 80.7327%;\">Feux antibrouillard<\/td>\n<td style=\"width: 27.9773%; text-align: center;\">de s\u00e9rie<\/td>\n<\/tr>\n<tr>\n<td style=\"width: 80.7327%;\">TPMS<\/td>\n<td style=\"width: 27.9773%; text-align: center;\">de s\u00e9rie<\/td>\n<\/tr>\n<tr>\n<td style=\"width: 80.7327%;\">Volant et boite de vitesses en cuir<\/td>\n<td style=\"width: 27.9773%; text-align: center;\">de s\u00e9rie<\/td>\n<\/tr>\n<tr>\n<td style=\"width: 80.7327%;\">Tableau de bord Techno<\/td>\n<td style=\"width: 27.9773%; text-align: center;\">de s\u00e9rie<\/td>\n<\/tr>\n<tr>\n<td style=\"width: 80.7327%;\">Commandes radio au volant<\/td>\n<td style=\"width: 27.9773%; text-align: center;\">de s\u00e9rie<\/td>\n<\/tr>\n<tr>\n<td style=\"width: 80.7327%;\">Fen\u00eatres arri\u00e8res style automobile<\/td>\n<td style=\"width: 27.9773%; text-align: center;\">de s\u00e9rie<\/td>\n<\/tr>\n<tr>\n<td style=\"width: 80.7327%;\">Fen\u00eatre c\u00f4t\u00e9 conducteur<\/td>\n<td style=\"width: 27.9773%; text-align: center;\">de s\u00e9rie<\/td>\n<\/tr>\n<tr>\n<td style=\"width: 80.7327%;\">Store occultant pliss\u00e9 dans la cabine<\/td>\n<td style=\"width: 27.9773%; text-align: center;\">de s\u00e9rie<\/td>\n<\/tr>\n<tr>\n<td style=\"width: 80.7327%;\">Toit panoramique ouvrant<\/td>\n<td style=\"width: 27.9773%; text-align: center;\">de s\u00e9rie<\/td>\n<\/tr>\n<tr>\n<td style=\"width: 80.7327%;\">Porte d&rsquo;entr\u00e9e munie de moustiquaire<\/td>\n<td style=\"width: 27.9773%; text-align: center;\">de s\u00e9rie<\/td>\n<\/tr>\n<tr>\n<td style=\"width: 80.7327%;\">Marche electrique<\/td>\n<td style=\"width: 27.9773%; text-align: center;\">de s\u00e9rie<\/td>\n<\/tr>\n<tr>\n<td style=\"width: 80.7327%;\">Eclairage externe<\/td>\n<td style=\"width: 27.9773%; text-align: center;\">de s\u00e9rie<\/td>\n<\/tr>\n<tr>\n<td style=\"width: 80.7327%;\">Fen\u00eatres affleurantes<\/td>\n<td style=\"width: 27.9773%; text-align: center;\">de s\u00e9rie<\/td>\n<\/tr>\n<tr>\n<td style=\"width: 80.7327%;\">Prise \u00e9lectrique<\/td>\n<td style=\"width: 27.9773%; text-align: center;\">de s\u00e9rie<\/td>\n<\/tr>\n<tr>\n<td style=\"width: 80.7327%;\">Fixation de la douche<\/td>\n<td style=\"width: 27.9773%; text-align: center;\">de s\u00e9rie<\/td>\n<\/tr>\n<tr>\n<td style=\"width: 80.7327%;\"><strong>T\u00c9CHNOLOGIE<\/strong><\/td>\n<td style=\"width: 27.9773%; text-align: center;\"><\/td>\n<\/tr>\n<tr>\n<td style=\"width: 80.7327%;\">Noise Reduction System<\/td>\n<td style=\"width: 27.9773%; text-align: center;\">de s\u00e9rie<\/td>\n<\/tr>\n<tr>\n<td style=\"width: 80.7327%;\">R\u00e9servoirs des eaux grises avec isolation<\/td>\n<td style=\"width: 27.9773%; text-align: center;\">de s\u00e9rie<\/td>\n<\/tr>\n<tr>\n<td style=\"width: 80.7327%;\">Capteur antigel avec thermostat<\/td>\n<td style=\"width: 27.9773%; text-align: center;\">de s\u00e9rie<\/td>\n<\/tr>\n<tr>\n<td style=\"width: 80.7327%;\">System i-NetX<\/td>\n<td style=\"width: 27.9773%; text-align: center;\">en option<\/td>\n<\/tr>\n<tr>\n<td style=\"width: 80.7327%;\"><strong>INTERIEURS<\/strong><\/td>\n<td style=\"width: 27.9773%; text-align: center;\"><\/td>\n<\/tr>\n<tr>\n<td style=\"width: 80.7327%;\">R\u00e9frig\u00e9rateur<\/td>\n<td style=\"width: 27.9773%; text-align: center;\">\u00e0 compression 84 l<\/td>\n<\/tr>\n<tr>\n<td style=\"width: 80.7327%;\">Rev\u00eatement doux au toucher<\/td>\n<td style=\"width: 27.9773%; text-align: center;\">toit et parois<\/td>\n<\/tr>\n<tr>\n<td style=\"width: 80.7327%;\">Prise USB<\/td>\n<td style=\"width: 27.9773%; text-align: center;\">de s\u00e9rie<\/td>\n<\/tr>\n<tr>\n<td style=\"width: 80.7327%;\">Trappe et rangement dans le double plancher<\/td>\n<td style=\"width: 27.9773%; text-align: center;\">1<\/td>\n<\/tr>\n<tr>\n<td style=\"width: 80.7327%;\">Plan en pierre acrylique moul\u00e9e par fusion, lavabo int\u00e9gr\u00e9<\/td>\n<td style=\"width: 27.9773%; text-align: center;\">de s\u00e9rie<\/td>\n<\/tr>\n<tr>\n<td style=\"width: 80.7327%;\">Table avec pied chrom\u00e9, rallonge extractible<\/td>\n<td style=\"width: 27.9773%; text-align: center;\">de s\u00e9rie<\/td>\n<\/tr>\n<tr>\n<td style=\"width: 80.7327%;\">Matelas \u00e0 m\u00e9moire de forme<\/td>\n<td style=\"width: 27.9773%; text-align: center;\">de s\u00e9rie<\/td>\n<\/tr>\n<tr>\n<td style=\"width: 80.7327%;\">Sommiers 3D system<\/td>\n<td style=\"width: 27.9773%; text-align: center;\">de s\u00e9rie<\/td>\n<\/tr>\n<tr>\n<td style=\"width: 80.7327%;\">Enceintes radio<\/td>\n<td style=\"width: 27.9773%; text-align: center;\">de s\u00e9rie<\/td>\n<\/tr>\n<tr>\n<td style=\"width: 80.7327%;\">Capacit\u00e9 r\u00e9servoir d\u2019eau propre en route \/ d\u2019eau propre \u00e0 l\u2019arr\u00eat \/ des eaux us\u00e9es (litres)<\/td>\n<td style=\"width: 27.9773%; text-align: center;\">20 \/ 85 \/ 75<\/td>\n<\/tr>\n<tr>\n<td style=\"width: 80.7327%;\">Bouteilles \u00e0 gaz (kg max)*<\/td>\n<td style=\"width: 27.9773%; text-align: center;\">2&#215;5<\/td>\n<\/tr>\n<tr>\n<td style=\"width: 80.7327%;\"><strong>GARAGE<\/strong><\/td>\n<td style=\"width: 27.9773%; text-align: center;\"><\/td>\n<\/tr>\n<tr>\n<td style=\"width: 80.7327%;\">Couverture en aluminium et rampe<\/td>\n<td style=\"width: 27.9773%; text-align: center;\">OUI (K6,5)<\/td>\n<\/tr>\n<tr>\n<td style=\"width: 80.7327%;\"><\/td>\n<td style=\"width: 27.9773%; text-align: center;\"><\/td>\n<\/tr>\n<tr>\n<td style=\"width: 80.7327%;\">* Selon les bouteilles \u00e0 gaz disponibles dans chaque pays, cette capacit\u00e9 peut \u00eatre limit\u00e9e<\/td>\n<td style=\"width: 27.9773%; text-align: center;\"><\/td>\n<\/tr>\n<\/tbody>\n<\/table><\/div>\n","protected":false},"excerpt":{"rendered":"<p>ADMIRAL CH\u00c2SSIS ET EXTERIEURS Porteur Fiat Ducato &#8211; Euro 6 E-bis 140 CV Climatisation cabine manuelle Frein \u00e0 main \u00e9lectrique de s\u00e9rie Traction + \/ Descente de colline de s\u00e9rie \/ de s\u00e9rie R\u00e9gulateur de vitesse avec limiteur de vitesse de s\u00e9rie Roues 16\u00a0\u00bb \/ Jantes a\u00a0 16&Prime; de s\u00e9rie Jantes en alliage noir Pare-chocs &hellip; <a href=\"https:\/\/mobilvetta.it\/fr\/les-equipements-admiral\/\">Continued<\/a><\/p>\n","protected":false},"author":2,"featured_media":0,"parent":0,"menu_order":0,"comment_status":"closed","ping_status":"closed","template":"","meta":{"_acf_changed":false,"inline_featured_image":false,"footnotes":""},"class_list":["post-8721","page","type-page","status-publish","hentry"],"acf":[],"yoast_head":"<!-- This site is optimized with the Yoast SEO plugin v27.2 - https:\/\/yoast.com\/product\/yoast-seo-wordpress\/ -->\n<title>LES \u00c9QUIPEMENTS ADMIRAL - Mobilvetta<\/title>\n<meta name=\"robots\" content=\"index, follow, max-snippet:-1, max-image-preview:large, max-video-preview:-1\" \/>\n<link rel=\"canonical\" href=\"https:\/\/mobilvetta.it\/fr\/les-equipements-admiral\/\" \/>\n<meta property=\"og:locale\" content=\"fr_FR\" \/>\n<meta property=\"og:type\" content=\"article\" \/>\n<meta property=\"og:title\" content=\"LES \u00c9QUIPEMENTS ADMIRAL - Mobilvetta\" \/>\n<meta property=\"og:description\" content=\"ADMIRAL CH\u00c2SSIS ET EXTERIEURS Porteur Fiat Ducato &#8211; Euro 6 E-bis 140 CV Climatisation cabine manuelle Frein \u00e0 main \u00e9lectrique de s\u00e9rie Traction + \/ Descente de colline de s\u00e9rie \/ de s\u00e9rie R\u00e9gulateur de vitesse avec limiteur de vitesse de s\u00e9rie Roues 16\u00a0\u00bb \/ Jantes a\u00a0 16&Prime; de s\u00e9rie Jantes en alliage noir Pare-chocs &hellip; Continued\" \/>\n<meta property=\"og:url\" content=\"https:\/\/mobilvetta.it\/fr\/les-equipements-admiral\/\" \/>\n<meta property=\"og:site_name\" content=\"Mobilvetta\" \/>\n<meta property=\"article:modified_time\" content=\"2025-07-14T10:43:15+00:00\" \/>\n<meta name=\"twitter:card\" content=\"summary_large_image\" \/>\n<meta name=\"twitter:label1\" content=\"Dur\u00e9e de lecture estim\u00e9e\" \/>\n\t<meta name=\"twitter:data1\" content=\"2 minutes\" \/>\n<script type=\"application\/ld+json\" class=\"yoast-schema-graph\">{\"@context\":\"https:\/\/schema.org\",\"@graph\":[{\"@type\":\"WebPage\",\"@id\":\"https:\/\/mobilvetta.it\/fr\/les-equipements-admiral\/\",\"url\":\"https:\/\/mobilvetta.it\/fr\/les-equipements-admiral\/\",\"name\":\"LES \u00c9QUIPEMENTS ADMIRAL - Mobilvetta\",\"isPartOf\":{\"@id\":\"https:\/\/mobilvetta.it\/fr\/#website\"},\"datePublished\":\"2024-07-18T16:21:21+00:00\",\"dateModified\":\"2025-07-14T10:43:15+00:00\",\"breadcrumb\":{\"@id\":\"https:\/\/mobilvetta.it\/fr\/les-equipements-admiral\/#breadcrumb\"},\"inLanguage\":\"fr-FR\",\"potentialAction\":[{\"@type\":\"ReadAction\",\"target\":[\"https:\/\/mobilvetta.it\/fr\/les-equipements-admiral\/\"]}]},{\"@type\":\"BreadcrumbList\",\"@id\":\"https:\/\/mobilvetta.it\/fr\/les-equipements-admiral\/#breadcrumb\",\"itemListElement\":[{\"@type\":\"ListItem\",\"position\":1,\"name\":\"Home\",\"item\":\"https:\/\/mobilvetta.it\/fr\/\"},{\"@type\":\"ListItem\",\"position\":2,\"name\":\"LES \u00c9QUIPEMENTS ADMIRAL\"}]},{\"@type\":\"WebSite\",\"@id\":\"https:\/\/mobilvetta.it\/fr\/#website\",\"url\":\"https:\/\/mobilvetta.it\/fr\/\",\"name\":\"Mobilvetta\",\"description\":\"\",\"potentialAction\":[{\"@type\":\"SearchAction\",\"target\":{\"@type\":\"EntryPoint\",\"urlTemplate\":\"https:\/\/mobilvetta.it\/fr\/?s={search_term_string}\"},\"query-input\":{\"@type\":\"PropertyValueSpecification\",\"valueRequired\":true,\"valueName\":\"search_term_string\"}}],\"inLanguage\":\"fr-FR\"}]}<\/script>\n<!-- \/ Yoast SEO plugin. -->","yoast_head_json":{"title":"LES \u00c9QUIPEMENTS ADMIRAL - Mobilvetta","robots":{"index":"index","follow":"follow","max-snippet":"max-snippet:-1","max-image-preview":"max-image-preview:large","max-video-preview":"max-video-preview:-1"},"canonical":"https:\/\/mobilvetta.it\/fr\/les-equipements-admiral\/","og_locale":"fr_FR","og_type":"article","og_title":"LES \u00c9QUIPEMENTS ADMIRAL - Mobilvetta","og_description":"ADMIRAL CH\u00c2SSIS ET EXTERIEURS Porteur Fiat Ducato &#8211; Euro 6 E-bis 140 CV Climatisation cabine manuelle Frein \u00e0 main \u00e9lectrique de s\u00e9rie Traction + \/ Descente de colline de s\u00e9rie \/ de s\u00e9rie R\u00e9gulateur de vitesse avec limiteur de vitesse de s\u00e9rie Roues 16\u00a0\u00bb \/ Jantes a\u00a0 16&Prime; de s\u00e9rie Jantes en alliage noir Pare-chocs &hellip; Continued","og_url":"https:\/\/mobilvetta.it\/fr\/les-equipements-admiral\/","og_site_name":"Mobilvetta","article_modified_time":"2025-07-14T10:43:15+00:00","twitter_card":"summary_large_image","twitter_misc":{"Dur\u00e9e de lecture estim\u00e9e":"2 minutes"},"schema":{"@context":"https:\/\/schema.org","@graph":[{"@type":"WebPage","@id":"https:\/\/mobilvetta.it\/fr\/les-equipements-admiral\/","url":"https:\/\/mobilvetta.it\/fr\/les-equipements-admiral\/","name":"LES \u00c9QUIPEMENTS ADMIRAL - Mobilvetta","isPartOf":{"@id":"https:\/\/mobilvetta.it\/fr\/#website"},"datePublished":"2024-07-18T16:21:21+00:00","dateModified":"2025-07-14T10:43:15+00:00","breadcrumb":{"@id":"https:\/\/mobilvetta.it\/fr\/les-equipements-admiral\/#breadcrumb"},"inLanguage":"fr-FR","potentialAction":[{"@type":"ReadAction","target":["https:\/\/mobilvetta.it\/fr\/les-equipements-admiral\/"]}]},{"@type":"BreadcrumbList","@id":"https:\/\/mobilvetta.it\/fr\/les-equipements-admiral\/#breadcrumb","itemListElement":[{"@type":"ListItem","position":1,"name":"Home","item":"https:\/\/mobilvetta.it\/fr\/"},{"@type":"ListItem","position":2,"name":"LES \u00c9QUIPEMENTS ADMIRAL"}]},{"@type":"WebSite","@id":"https:\/\/mobilvetta.it\/fr\/#website","url":"https:\/\/mobilvetta.it\/fr\/","name":"Mobilvetta","description":"","potentialAction":[{"@type":"SearchAction","target":{"@type":"EntryPoint","urlTemplate":"https:\/\/mobilvetta.it\/fr\/?s={search_term_string}"},"query-input":{"@type":"PropertyValueSpecification","valueRequired":true,"valueName":"search_term_string"}}],"inLanguage":"fr-FR"}]}},"_links":{"self":[{"href":"https:\/\/mobilvetta.it\/fr\/wp-json\/wp\/v2\/pages\/8721","targetHints":{"allow":["GET"]}}],"collection":[{"href":"https:\/\/mobilvetta.it\/fr\/wp-json\/wp\/v2\/pages"}],"about":[{"href":"https:\/\/mobilvetta.it\/fr\/wp-json\/wp\/v2\/types\/page"}],"author":[{"embeddable":true,"href":"https:\/\/mobilvetta.it\/fr\/wp-json\/wp\/v2\/users\/2"}],"replies":[{"embeddable":true,"href":"https:\/\/mobilvetta.it\/fr\/wp-json\/wp\/v2\/comments?post=8721"}],"version-history":[{"count":3,"href":"https:\/\/mobilvetta.it\/fr\/wp-json\/wp\/v2\/pages\/8721\/revisions"}],"predecessor-version":[{"id":12171,"href":"https:\/\/mobilvetta.it\/fr\/wp-json\/wp\/v2\/pages\/8721\/revisions\/12171"}],"wp:attachment":[{"href":"https:\/\/mobilvetta.it\/fr\/wp-json\/wp\/v2\/media?parent=8721"}],"curies":[{"name":"wp","href":"https:\/\/api.w.org\/{rel}","templated":true}]}}