{"id":7549,"date":"2024-07-04T10:45:51","date_gmt":"2024-07-04T08:45:51","guid":{"rendered":"https:\/\/mobilvetta.it\/?page_id=7549"},"modified":"2024-07-11T10:14:46","modified_gmt":"2024-07-11T08:14:46","slug":"politique-les-cookies","status":"publish","type":"page","link":"https:\/\/mobilvetta.it\/fr\/politique-les-cookies\/","title":{"rendered":"Politique les Cookies"},"content":{"rendered":"<p><strong>POLITIQUE CONCERNANT LES COOKIES<\/strong><\/p>\n<p>La pr\u00e9sente politique concernant les cookies d\u00e9crit l\u2019utilisation des cookies de la part du site web\u00a0<strong><a href=\"http:\/\/www.mobilvetta.it\/\">www.mobilvetta.it<\/a><\/strong><\/p>\n<p>Pour consulter la politique de confidentialit\u00e9, veuillez\u00a0<strong><u><a href=\"https:\/\/mobilvetta.it\/fr\/politique-de-confidentialite\/\">cliquer ici<\/a>.<\/u><\/strong><\/p>\n<p>Les cookies sont des fichiers de texte de petite dimension, pouvant \u00eatre utilis\u00e9s par les sites web pour am\u00e9liorer l\u2019exp\u00e9rience de l\u2019utilisateur. Ils sont envoy\u00e9s sur son navigateur, o\u00f9 ils sont m\u00e9moris\u00e9s pour \u00eatre ensuite retransmis au site web lors de la prochaine visite de l\u2019utilisateur. Les cookies ont diff\u00e9rentes fonctions.<\/p>\n<p>Les cookies ont pour but d\u2019am\u00e9liorer la fonctionnalit\u00e9 et la navigation de ce site web.<\/p>\n<p>Dans d\u2019autres cas, en revanche, les cookies sont utilis\u00e9s pour observer la navigation de l\u2019utilisateur\u00a0; ils enregistrent des informations sur ce que l\u2019utilisateur ach\u00e8te et pourrait vouloir acheter, en analysant ses lectures, ses loisirs, pour personnaliser la publicit\u00e9 qui lui est propos\u00e9e quand il ouvre sa bo\u00eete e-mail ou navigue sur un r\u00e9seau social.\u00a0 On utilise les cookies pour personnaliser les contenus, pour fournir les fonctions des r\u00e9seaux sociaux et analyser le trafic.<\/p>\n<p>Dans son navigateur, l\u2019utilisateur peut configurer les pr\u00e9f\u00e9rences de confidentialit\u00e9 de mani\u00e8re \u00e0 ne pas m\u00e9moriser les cookies, les supprimer apr\u00e8s chaque visite ou \u00e0 chaque fois qu\u2019il ferme le navigateur, ou encore accepter uniquement les cookies de\u00a0<strong><a href=\"http:\/\/www.mobilvetta.it\/\">www.mobilvetta.it<\/a><\/strong>\u00a0et pas ceux de tiers.<\/p>\n<p>&nbsp;<\/p>\n<p><strong>Cookies techniques<\/strong><\/p>\n<p>Les cookies techniques sont ceux qui ne sont pas soumis au consentement de l\u2019utilisateur.<\/p>\n<p>Les cookies techniques sont utilis\u00e9s dans le seul but de rendre possible la navigation de l\u2019utilisateur sur le site web et de lui permettre d\u2019en utiliser les fonctionnalit\u00e9s. Il s\u2019agit toujours de cookies directs, v\u00e9hicul\u00e9s directement par le responsable sur le site web. Les cookies de navigation sont normalement des cookies de session et, par cons\u00e9quent, une fois le navigateur ferm\u00e9, ils sont automatiquement d\u00e9sactiv\u00e9s. D\u2019autres cookies techniques sont utiles pour permettre de m\u00e9moriser des pr\u00e9f\u00e9rences de l\u2019utilisateur sans devoir les reconfigurer au cours des visites suivantes (cookies de fonctionnalit\u00e9). Les cookies de fonctionnalit\u00e9 sont donc souvent des cookies persistants, ils restent m\u00e9moris\u00e9s dans l\u2019ordinateur de l\u2019utilisateur m\u00eame apr\u00e8s la fermeture du navigateur, jusqu\u2019\u00e0 leur date d\u2019\u00e9ch\u00e9ance ou jusqu\u2019\u00e0 ce que l\u2019utilisateur d\u00e9cide de les supprimer.<\/p>\n<p><strong>Cookies de tiers<\/strong><\/p>\n<p>Ces cookies sont utilis\u00e9s afin de r\u00e9colter des informations sur l\u2019utilisation du site web de la part de l\u2019utilisateur, sous forme anonyme \u2013 pages visit\u00e9es, temps de visite, origines du trafic de provenance, origine g\u00e9ographique, \u00e2ge, genre et int\u00e9r\u00eats \u2013 \u00e0 des fins statistiques et de campagnes marketing. Ces cookies sont envoy\u00e9s par des domaines de tiers externes au site web.<\/p>\n<h3 class=\"tw-data-text tw-text-large tw-ta\" dir=\"ltr\" data-placeholder=\"Traduzione\"><span class=\"Y2IQFc\" lang=\"fr\">OUTILS DE CONTACT<\/span><\/h3>\n<p><strong>HubSpot (HubSpot Ireland Limited)<\/strong><\/p>\n<p id=\"tw-target-text\" class=\"tw-data-text tw-text-large tw-ta\" dir=\"ltr\" data-placeholder=\"Traduzione\"><span class=\"Y2IQFc\" lang=\"fr\">Pour plus d&rsquo;informations suivez simplement ce lien:<\/span><\/p>\n<p><a href=\"https:\/\/legal.hubspot.com\/cookie-policy\"><strong>https:\/\/legal.hubspot.com\/cookie-policy<\/strong><\/a><\/p>\n<p><strong><br \/>\nNewsletter<\/strong><br \/>\nCe site web utilise le service<\/p>\n<p><strong>Amazon Simple Email Service<\/strong><br \/>\nPour plus d\u2019informations, suivre le lien suivant<br \/>\n<a href=\"https:\/\/d1.awsstatic.com\/legal\/privacypolicy\/AWS_Privacy_Notice_Italian_2020-08-15.pdf\">https:\/\/d1.awsstatic.com\/legal\/privacypolicy\/AWS_Privacy_Notice_Italian_2020-08-15.pdf<\/a><\/p>\n<p><strong>Statistiques<\/strong><\/p>\n<p><strong>1. Google Analytics\u00a0<\/strong><\/p>\n<p>Google Analytics utilise des cookies pour recueillir des informations regroup\u00e9es sur le nombre d\u2019utilisateurs et sur la fa\u00e7on dont ils visitent ce site web. Ce site utilise le service Google Analytics propos\u00e9 par Google Ireland Limited, avec IP anonyme, dont les cookies proviennent donc de tiers, pour le contr\u00f4le statistique des activit\u00e9s r\u00e9alis\u00e9es sur le site web. Google Analytics utilise des cookies qui ne m\u00e9morisent pas de donn\u00e9es personnelles.<\/p>\n<p>Pour plus d\u2019informations concernant Google Analytics, il est possible de consulter les sites\u00a0:<\/p>\n<p><a href=\"https:\/\/www.google.it\/policies\/privacy\/partners\/\"><strong>https:\/\/www.google.it\/policies\/privacy\/partners\/<\/strong><\/a><\/p>\n<p><a href=\"https:\/\/developers.google.com\/analytics\/devguides\/collection\/analyticsjs\/cookie-usage\"><strong>https:\/\/developers.google.com\/analytics\/devguides\/collection\/analyticsjs\/cookie-usage<\/strong><\/a><\/p>\n<p>Il est possible de d\u00e9sactiver l\u2019action de Google Analytics \u00e0 travers l\u2019opt out:<\/p>\n<p><a href=\"https:\/\/tools.google.com\/dlpage\/gaoptout\"><strong>https:\/\/tools.google.com\/dlpage\/gaoptout<\/strong><\/a><\/p>\n<p>&nbsp;<\/p>\n<p>&nbsp;<\/p>\n<p><strong>2. Surveillance des conversions Pixel de Facebook (Meta Platforms, Inc.)<br \/>\n<\/strong>Ce site utilise le service de surveillance des conversions offert par Meta Platforms, Inc. dont les cookies appartiennent \u00e0 des tiers, pour la surveillance statistique des activit\u00e9s r\u00e9alis\u00e9es sur le site web. Pour plus d\u2019informations, suivre le lien suivant\u00a0<strong><u><a href=\"https:\/\/www.facebook.com\/policies\/cookies\/\">https:\/\/www.facebook.com\/policies\/cookies\/<\/a><\/u><\/strong><\/p>\n<p><strong>3. Google Search Console (Google Ireland Limited)<br \/>\n<\/strong>Pour plus d\u2019informations, suivre le lien suivant\u00a0<strong><a href=\"https:\/\/policies.google.com\/privacy?hl=it\">https:\/\/policies.google.com\/privacy?hl=it<\/a><\/strong><strong><br \/>\n<\/strong><\/p>\n<p><strong><br \/>\nGESTION DES TAG<\/p>\n<p><\/strong><\/p>\n<p><strong>Google Tag manager (Google Ireland Limited)<\/p>\n<p><\/strong>Ce site utilise le service de gestion des balises de tiers offert par Google Ireland Limited. Pour plus d\u2019informations, suivre le lien suivant:\u00a0<a href=\"https:\/\/policies.google.com\/technologies\/cookies?hl=it\">https:\/\/policies.google.com\/technologies\/cookies?hl=it<\/a><strong><br \/>\n<\/strong><\/p>\n<p><strong>BOUTONS SOCIAL NETWORK\u00a0<\/strong><\/p>\n<p>1<strong>. Facebook<\/strong><\/p>\n<p>Pour plus d\u2019informations, suivre le lien suivant:<strong>\u00a0<a href=\"https:\/\/www.facebook.com\/policies\/cookies\/\">https:\/\/www.facebook.com\/policies\/cookies\/<\/a><\/strong><\/p>\n<p>2<strong>. Instagram<\/strong><\/p>\n<p>Pour plus d\u2019informations, suivre le lien suivant:\u00a0<a href=\"https:\/\/help.instagram.com\/1896641480634370\"><strong>https:\/\/help.instagram.com\/1896641480634370<\/strong><\/a><\/p>\n<p>3.\u00a0<strong>Youtube<\/strong><\/p>\n<p>Pour plus d\u2019informations, suivre le lien suivant:\u00a0<strong><a href=\"https:\/\/policies.google.com\/technologies\/cookies?hl=it\">https:\/\/policies.google.com\/technologies\/cookies?hl=it<\/a><\/strong><\/p>\n<p><strong><br \/>\nCONTENUS SUR DES PLATEFORMES EXTERNES.<\/p>\n<p><\/strong><\/p>\n<p>1.<strong>\u00a0Google Maps<\/strong><\/p>\n<p>Pour plus d\u2019informations, suivre le lien suivant:\u00a0<a href=\"https:\/\/policies.google.com\/technologies\/types?hl=it\"><strong>https:\/\/policies.google.com\/technologies\/types?hl=it<\/strong><\/a><\/p>\n<p>2.\u00a0<strong>Youtube<\/strong><\/p>\n<p>Pour plus d\u2019informations, suivre le lien suivant:\u00a0<strong><a href=\"https:\/\/policies.google.com\/technologies\/cookies?hl=it\">https:\/\/policies.google.com\/technologies\/cookies?hl=it<\/a><\/strong><\/p>\n<p>&nbsp;<\/p>\n<p>&nbsp;<\/p>\n<p>&nbsp;<\/p>\n<p><strong>Cookies de profilage<\/strong><\/p>\n<p>Les cookies de profilage sont utilis\u00e9s pour cr\u00e9er un profil d\u2019utilisateur, bas\u00e9 sur les pr\u00e9f\u00e9rences et les go\u00fbts qu\u2019il exprime lorsqu\u2019il navigue sur Internet, et lui faire visualiser des messages publicitaires adapt\u00e9s \u00e0 son profil. Ainsi, les messages publicitaires que l\u2019utilisateur visualisera sur ce site web pourront \u00eatre plus int\u00e9ressants pour lui. Conform\u00e9ment \u00e0 la l\u00e9gislation en vigueur en mati\u00e8re de confidentialit\u00e9, l\u2019installation de ces cookies n\u00e9cessite le consentement de l\u2019utilisateur.<\/p>\n<p><strong>\u00a0<\/strong><\/p>\n<p><strong>1) Google ADS (Google<\/strong>\u00a0<strong>Ireland Limited)<\/strong><\/p>\n<p>Google ADS est un service fourni par Google Ireland Limited, qui relie ce site web au r\u00e9seau d\u2019advertising de Google. Notre site utilise les fonctions remarketing de Google Analytics combin\u00e9es \u00e0 la possibilit\u00e9 de les adapter \u00e0 divers dispositifs de Google ADS.<\/p>\n<p>Cette fonction permet de connecter les groupes cibles pour les campagnes promotionnelles cr\u00e9\u00e9s par la fonction Marketing de Google Analytics en les adaptant \u00e0 divers dispositifs de Google ADS. Ceci permet de montrer des publicit\u00e9s bas\u00e9es sur les int\u00e9r\u00eats personnels de l\u2019utilisateur, identifi\u00e9s \u00e0 travers une analyse du comportement de l\u2019utilisateur sur le web, que ce soit sur un dispositif mobile ou d\u2019autres dispositifs. Il est possible de d\u00e9sactiver de mani\u00e8re permanente les fonctions de targeting et remarketing en d\u00e9sactivant la fonction \u00ab\u00a0publicit\u00e9 personnalis\u00e9e\u00a0\u00bb sur votre compte Google. Pour ce faire, il suffit de cliquer sur ce lien\u00a0:\u00a0<a href=\"https:\/\/www.google.com\/settings\/ads\/onweb\/\"><strong>https:\/\/www.google.com\/settings\/ads\/onweb\/<\/strong><\/a><\/p>\n<p><strong>2) Facebook Pixel<\/strong><\/p>\n<p>&nbsp;<\/p>\n<p>Pixel de Facebook est utilis\u00e9 pour effectuer des activit\u00e9s de \u00ab\u00a0remarketing\u00a0\u00bb et de \u00ab\u00a0retargeting\u00a0\u00bb. Gr\u00e2ce \u00e0 ces activit\u00e9s, on utilise des cookies que l\u2019utilisateur laisse sur le site web sans l\u2019identifier. Pour contr\u00f4ler et d\u00e9sactiver les publicit\u00e9s, il suffit de suivre ce lien:\u00a0<a href=\"https:\/\/www.facebook.com\/policies\/cookies\/\"><strong>https:\/\/www.facebook.com\/policies\/cookies\/<\/strong><\/a><strong>\u00a0e\u00a0<\/strong><a href=\"https:\/\/www.facebook.com\/ads\/settings\"><strong>https:\/\/www.facebook.com\/ads\/settings<\/strong><\/a><\/p>\n<p><strong>3)<\/strong><strong>\u00a0Instagram Ads<br \/>\n<\/strong>Ce site utilise l\u2019outil Pixel pour mesurer les conversions et comprendre les actions que les personnes ex\u00e9cutent sur le site web. Pour contr\u00f4ler et d\u00e9sactiver les publicit\u00e9s, il suffit de suivre ce lien :\u00a0<a href=\"https:\/\/help.instagram.com\/519522125107875\">https:\/\/help.instagram.com\/519522125107875<\/a><\/p>\n<p>&nbsp;<\/p>\n<p>&nbsp;<\/p>\n<p><strong>Supprimer ou d\u00e9sactiver les cookies<\/strong><\/p>\n<p>Hormis pour les cookies techniques, strictement n\u00e9cessaires \u00e0 la navigation, la remise des donn\u00e9es est soumise \u00e0 la volont\u00e9 de l\u2019utilisateur qui d\u00e9cide de naviguer sur le site apr\u00e8s avoir pris connaissance des courtes informations contenues dans le bandeau cookies et de profiter des services de tiers comportant l\u2019installation de cookies.\u00a0L\u2019Utilisateur peut donc \u00e9viter l\u2019installation des cookies en conservant la banni\u00e8re ou via les fonctions sp\u00e9cifiques disponibles sur son navigateur ou dans la pr\u00e9sente politique. L\u2019utilisateur peut g\u00e9rer ses pr\u00e9f\u00e9rences concernant les cookies, directement \u00e0 partir de son navigateur, pour emp\u00eacher, par exemple, que des tiers n\u2019en d\u00e9posent.<\/p>\n<p>Il est important de savoir que la d\u00e9sactivation de tous les cookies peut compromettre le fonctionnement de ce site.<br \/>\nChaque navigateur pr\u00e9sente des proc\u00e9dures diff\u00e9rentes pour la gestion des configurations.<\/p>\n<p>L\u2019utilisateur peut obtenir des instructions sp\u00e9cifiques \u00e0 travers les liens ci-dessous.<br \/>\nSupprimer\/d\u00e9sactiver les cookies Android \u00e0 l\u2019adresse suivante:<br \/>\n<a href=\"https:\/\/support.google.com\/chrome\/answer\/2392971?hl=it-IT\"><strong>https:\/\/support.google.com\/chrome\/answer\/2392971?hl=it-IT<\/strong><\/a><\/p>\n<p>Supprimer\/d\u00e9sactiver les cookies de Mozilla Firefox \u00e0 l\u2019adresse suivante:<br \/>\n<a href=\"http:\/\/support.mozilla.com\/it\/kb\/Eliminare%20i%20cookie\"><strong>http:\/\/support.mozilla.com\/it\/kb\/Eliminare%20i%20cookie<\/strong><\/a><br \/>\nSupprimer\/d\u00e9sactiver les cookies d\u2019Exporer \u00e0 l\u2019adresse suivante:<br \/>\n<a href=\"http:\/\/windows.microsoft.com\/it-IT\/windows-vista\/Delete-your-Internet-cookies\"><strong>http:\/\/windows.microsoft.com\/it-IT\/windows-vista\/Delete-your-Internet-cookies<\/strong><\/a><br \/>\nSupprimer\/d\u00e9sactiver les cookies de Chrome \u00e0 l\u2019adresse suivante:<br \/>\n<a href=\"http:\/\/support.google.com\/chrome\/bin\/answer.py?hl=it&amp;answer=95647\"><strong>http:\/\/support.google.com\/chrome\/bin\/answer.py?hl=it&amp;answer=95647<\/strong><\/a><br \/>\nSupprimer\/d\u00e9sactiver les cookies de Safari \u00e0 l\u2019adresse suivante:<br \/>\n<a href=\"http:\/\/support.apple.com\/kb\/PH5042\"><strong>http:\/\/support.apple.com\/kb\/PH5042<\/strong><\/a><br \/>\nSupprimer\/d\u00e9sactiver les cookies d\u2019Opera \u00e0 l\u2019adresse suivante:<br \/>\n<a href=\"http:\/\/www.opera.com\/browser\/tutorials\/security\/privacy\/\"><strong>http:\/\/www.opera.com\/browser\/tutorials\/security\/privacy\/<\/strong><\/a><br \/>\nSupprimer\/d\u00e9sactiver les cookies iOS \u00e0 l\u2019adresse suivante:<br \/>\n<a href=\"https:\/\/support.apple.com\/it-it\/HT201265\"><strong>https:\/\/support.apple.com\/it-it\/HT201265<\/strong><\/a><\/p>\n<p>Pour d\u00e9sactiver les cookies de tiers, il est aussi possible d\u2019utiliser\u00a0<strong>Your Online Choices,<\/strong>\u00a0<a href=\"http:\/\/www.youronlinechoices.com\/it\/le-tue-scelte\"><strong>http:\/\/www.youronlinechoices.com\/it\/le-tue-scelte<\/strong><\/a>\u00a0un service web g\u00e9r\u00e9 par l\u2019association \u00e0 but non lucratif European Interactive Digital Advertising Alliance (EDAA), qui fournit des informations sur la publicit\u00e9 comportementale bas\u00e9e sur les cookies de profilage et permet aux utilisateurs de s\u2019opposer facilement (opt-out) \u00e0 leur installation. En supprimant tous les cookies du navigateur ou en les enlevant \u00e0 travers des services tels que Your Online Choices, ces derniers, s\u2019ils proviennent de tiers, seront retir\u00e9s globalement, pas seulement dans le cadre de ce site web.<\/p>\n<p><strong>Autres informations sur le traitement<br \/>\n<\/strong><br \/>\n\u00c0 la demande de l\u2019utilisateur, en plus des informations contenues dans cette politique concernant les cookies, ce site pourrait fournir des informations suppl\u00e9mentaires et contextuelles concernant des services sp\u00e9cifiques, ou concernant la r\u00e9colte et le traitement des donn\u00e9es \u00e0 caract\u00e8re personnel.<br \/>\nPour des n\u00e9cessit\u00e9s li\u00e9es au fonctionnement et \u00e0 l\u2019entretien, ce site web et les \u00e9ventuels services de tiers qu\u2019il utilise pourraient recueillir des logs de syst\u00e8me, c\u2019est-\u00e0-dire des fichiers qui enregistrent les interactions et qui peuvent contenir \u00e9galement des donn\u00e9es \u00e0 caract\u00e8re personnel, telles que l\u2019adresse IP de l\u2019utilisateur.<br \/>\nPlus d\u2019informations concernant le traitement des donn\u00e9es \u00e0 caract\u00e8re personnel peuvent \u00eatre demand\u00e9es \u00e0 tout moment au responsable du traitement en utilisant les informations de contact.<br \/>\n<strong>Exercice des droits par l\u2019utilisateur<\/strong><br \/>\nEn vertu de l\u2019art.\u00a015-22 du R\u00e8glement europ\u00e9en n<sup>o<\/sup>\u00a067\/2016, l\u2019utilisateur a le droit d\u2019obtenir la confirmation de l\u2019existence ou non de donn\u00e9es personnelles qui le concernent, m\u00eame si elles ne sont pas encore enregistr\u00e9es, et leur communication de fa\u00e7on intelligible.<br \/>\nL\u2019utilisateur a ainsi le droit d\u2019obtenir des indications sur:<br \/>\na) l\u2019origine des donn\u00e9es personnelles;<br \/>\nb) les fins et modalit\u00e9s du traitement;<br \/>\nc) la logique utilis\u00e9e en cas de traitement effectu\u00e9 au moyen d&rsquo;instruments \u00e9lectroniques;<br \/>\nd) l\u2019identit\u00e9 du responsable et des sous-traitants du traitement des donn\u00e9es \u00e0 caract\u00e8re personnel;<br \/>\ne) les sujets ou les cat\u00e9gories de sujets auxquels les donn\u00e9es \u00e0 caract\u00e8re personnel peuvent \u00eatre communiqu\u00e9es ou \u00eatre port\u00e9es \u00e0 connaissance en qualit\u00e9 de repr\u00e9sentant d\u00e9sign\u00e9 dans le pays o\u00f9 se trouve le responsable ou les pr\u00e9pos\u00e9s;<br \/>\nf) la mise \u00e0 jour, la rectification ou, si n\u00e9cessaire, l\u2019int\u00e9gration des donn\u00e9es;<br \/>\ng) la suppression, la transformation sous forme anonyme ou le verrouillage des donn\u00e9es trait\u00e9es en violation de la loi, y compris celles dont la conservation n\u2019est pas n\u00e9cessaire aux finalit\u00e9s pour lesquelles elles ont \u00e9t\u00e9 collect\u00e9es ou pour lesquelles elles ont \u00e9t\u00e9 ult\u00e9rieurement trait\u00e9es;<\/p>\n<p><strong>Responsable du traitement<\/strong><br \/>\nLe Responsable du traitement des donn\u00e9es recueillies par ce site web est\u00a0<strong>S.E.A. Societ\u00e0 Europea Autocaravn<\/strong>\u00a0<strong>S.p.A.\u00a0<\/strong>si\u00e8ge statutaire<strong>\u00a0<\/strong>via Val d\u2019Aosta n. 4, Localit\u00e0 Fosci, 53036 Poggibonsi (SI) C.F. e P.IVA n. IT 03345730968, email:\u00a0<strong>privacy@trigano.it<\/strong><br \/>\nAu sens des articles 37-39 du RGPD, le Responsable du traitement a nomm\u00e9 le D\u00e9l\u00e9gu\u00e9 \u00e0 la protection des donn\u00e9es \u00e0 caract\u00e8re personnel (DPO) dont le nom et les coordonn\u00e9es sont disponibles aupr\u00e8s du Responsable du traitement. Pour contacter le DPO, e-mail\u00a0: dpo@trigano.it.<br \/>\nLe Responsable du traitement n\u2019est pas responsable de la mise \u00e0 jour de tous les liens qui s\u2019affichent dans la pr\u00e9sente Politique relative aux cookies. De ce fait, si un lien ne fonctionne pas et\/ou n\u2019est pas mis \u00e0 jour, les Utilisateurs reconnaissent et acceptent de toujours de r\u00e9f\u00e9rer au document et\/ou \u00e0 la section des sites Internet auxquels renvoient ces liens.<br \/>\n<strong><br \/>\n<\/strong><\/p>\n<p>Politique concernant les cookies mise \u00e0 jour en\u00a0Octobre 2022<\/p>\n","protected":false},"excerpt":{"rendered":"<p>POLITIQUE CONCERNANT LES COOKIES La pr\u00e9sente politique concernant les cookies d\u00e9crit l\u2019utilisation des cookies de la part du site web\u00a0www.mobilvetta.it Pour consulter la politique de confidentialit\u00e9, veuillez\u00a0cliquer ici. Les cookies sont des fichiers de texte de petite dimension, pouvant \u00eatre utilis\u00e9s par les sites web pour am\u00e9liorer l\u2019exp\u00e9rience de l\u2019utilisateur. Ils sont envoy\u00e9s sur son &hellip; <a href=\"https:\/\/mobilvetta.it\/fr\/politique-les-cookies\/\">Continued<\/a><\/p>\n","protected":false},"author":4,"featured_media":0,"parent":0,"menu_order":0,"comment_status":"closed","ping_status":"closed","template":"","meta":{"_acf_changed":false,"inline_featured_image":false,"footnotes":""},"class_list":["post-7549","page","type-page","status-publish","hentry"],"acf":[],"yoast_head":"<!-- This site is optimized with the Yoast SEO plugin v27.2 - https:\/\/yoast.com\/product\/yoast-seo-wordpress\/ -->\n<title>Politique les Cookies - Mobilvetta<\/title>\n<meta name=\"robots\" content=\"index, follow, max-snippet:-1, max-image-preview:large, max-video-preview:-1\" \/>\n<link rel=\"canonical\" href=\"https:\/\/mobilvetta.it\/fr\/politique-les-cookies\/\" \/>\n<meta property=\"og:locale\" content=\"fr_FR\" \/>\n<meta property=\"og:type\" content=\"article\" \/>\n<meta property=\"og:title\" content=\"Politique les Cookies - Mobilvetta\" \/>\n<meta property=\"og:description\" content=\"POLITIQUE CONCERNANT LES COOKIES La pr\u00e9sente politique concernant les cookies d\u00e9crit l\u2019utilisation des cookies de la part du site web\u00a0www.mobilvetta.it Pour consulter la politique de confidentialit\u00e9, veuillez\u00a0cliquer ici. Les cookies sont des fichiers de texte de petite dimension, pouvant \u00eatre utilis\u00e9s par les sites web pour am\u00e9liorer l\u2019exp\u00e9rience de l\u2019utilisateur. Ils sont envoy\u00e9s sur son &hellip; Continued\" \/>\n<meta property=\"og:url\" content=\"https:\/\/mobilvetta.it\/fr\/politique-les-cookies\/\" \/>\n<meta property=\"og:site_name\" content=\"Mobilvetta\" \/>\n<meta property=\"article:modified_time\" content=\"2024-07-11T08:14:46+00:00\" \/>\n<meta name=\"twitter:card\" content=\"summary_large_image\" \/>\n<meta name=\"twitter:label1\" content=\"Dur\u00e9e de lecture estim\u00e9e\" \/>\n\t<meta name=\"twitter:data1\" content=\"10 minutes\" \/>\n<script type=\"application\/ld+json\" class=\"yoast-schema-graph\">{\"@context\":\"https:\/\/schema.org\",\"@graph\":[{\"@type\":\"WebPage\",\"@id\":\"https:\/\/mobilvetta.it\/fr\/politique-les-cookies\/\",\"url\":\"https:\/\/mobilvetta.it\/fr\/politique-les-cookies\/\",\"name\":\"Politique les Cookies - Mobilvetta\",\"isPartOf\":{\"@id\":\"https:\/\/mobilvetta.it\/fr\/#website\"},\"datePublished\":\"2024-07-04T08:45:51+00:00\",\"dateModified\":\"2024-07-11T08:14:46+00:00\",\"breadcrumb\":{\"@id\":\"https:\/\/mobilvetta.it\/fr\/politique-les-cookies\/#breadcrumb\"},\"inLanguage\":\"fr-FR\",\"potentialAction\":[{\"@type\":\"ReadAction\",\"target\":[\"https:\/\/mobilvetta.it\/fr\/politique-les-cookies\/\"]}]},{\"@type\":\"BreadcrumbList\",\"@id\":\"https:\/\/mobilvetta.it\/fr\/politique-les-cookies\/#breadcrumb\",\"itemListElement\":[{\"@type\":\"ListItem\",\"position\":1,\"name\":\"Home\",\"item\":\"https:\/\/mobilvetta.it\/fr\/\"},{\"@type\":\"ListItem\",\"position\":2,\"name\":\"Politique les Cookies\"}]},{\"@type\":\"WebSite\",\"@id\":\"https:\/\/mobilvetta.it\/fr\/#website\",\"url\":\"https:\/\/mobilvetta.it\/fr\/\",\"name\":\"Mobilvetta\",\"description\":\"\",\"potentialAction\":[{\"@type\":\"SearchAction\",\"target\":{\"@type\":\"EntryPoint\",\"urlTemplate\":\"https:\/\/mobilvetta.it\/fr\/?s={search_term_string}\"},\"query-input\":{\"@type\":\"PropertyValueSpecification\",\"valueRequired\":true,\"valueName\":\"search_term_string\"}}],\"inLanguage\":\"fr-FR\"}]}<\/script>\n<!-- \/ Yoast SEO plugin. -->","yoast_head_json":{"title":"Politique les Cookies - Mobilvetta","robots":{"index":"index","follow":"follow","max-snippet":"max-snippet:-1","max-image-preview":"max-image-preview:large","max-video-preview":"max-video-preview:-1"},"canonical":"https:\/\/mobilvetta.it\/fr\/politique-les-cookies\/","og_locale":"fr_FR","og_type":"article","og_title":"Politique les Cookies - Mobilvetta","og_description":"POLITIQUE CONCERNANT LES COOKIES La pr\u00e9sente politique concernant les cookies d\u00e9crit l\u2019utilisation des cookies de la part du site web\u00a0www.mobilvetta.it Pour consulter la politique de confidentialit\u00e9, veuillez\u00a0cliquer ici. Les cookies sont des fichiers de texte de petite dimension, pouvant \u00eatre utilis\u00e9s par les sites web pour am\u00e9liorer l\u2019exp\u00e9rience de l\u2019utilisateur. Ils sont envoy\u00e9s sur son &hellip; Continued","og_url":"https:\/\/mobilvetta.it\/fr\/politique-les-cookies\/","og_site_name":"Mobilvetta","article_modified_time":"2024-07-11T08:14:46+00:00","twitter_card":"summary_large_image","twitter_misc":{"Dur\u00e9e de lecture estim\u00e9e":"10 minutes"},"schema":{"@context":"https:\/\/schema.org","@graph":[{"@type":"WebPage","@id":"https:\/\/mobilvetta.it\/fr\/politique-les-cookies\/","url":"https:\/\/mobilvetta.it\/fr\/politique-les-cookies\/","name":"Politique les Cookies - Mobilvetta","isPartOf":{"@id":"https:\/\/mobilvetta.it\/fr\/#website"},"datePublished":"2024-07-04T08:45:51+00:00","dateModified":"2024-07-11T08:14:46+00:00","breadcrumb":{"@id":"https:\/\/mobilvetta.it\/fr\/politique-les-cookies\/#breadcrumb"},"inLanguage":"fr-FR","potentialAction":[{"@type":"ReadAction","target":["https:\/\/mobilvetta.it\/fr\/politique-les-cookies\/"]}]},{"@type":"BreadcrumbList","@id":"https:\/\/mobilvetta.it\/fr\/politique-les-cookies\/#breadcrumb","itemListElement":[{"@type":"ListItem","position":1,"name":"Home","item":"https:\/\/mobilvetta.it\/fr\/"},{"@type":"ListItem","position":2,"name":"Politique les Cookies"}]},{"@type":"WebSite","@id":"https:\/\/mobilvetta.it\/fr\/#website","url":"https:\/\/mobilvetta.it\/fr\/","name":"Mobilvetta","description":"","potentialAction":[{"@type":"SearchAction","target":{"@type":"EntryPoint","urlTemplate":"https:\/\/mobilvetta.it\/fr\/?s={search_term_string}"},"query-input":{"@type":"PropertyValueSpecification","valueRequired":true,"valueName":"search_term_string"}}],"inLanguage":"fr-FR"}]}},"_links":{"self":[{"href":"https:\/\/mobilvetta.it\/fr\/wp-json\/wp\/v2\/pages\/7549","targetHints":{"allow":["GET"]}}],"collection":[{"href":"https:\/\/mobilvetta.it\/fr\/wp-json\/wp\/v2\/pages"}],"about":[{"href":"https:\/\/mobilvetta.it\/fr\/wp-json\/wp\/v2\/types\/page"}],"author":[{"embeddable":true,"href":"https:\/\/mobilvetta.it\/fr\/wp-json\/wp\/v2\/users\/4"}],"replies":[{"embeddable":true,"href":"https:\/\/mobilvetta.it\/fr\/wp-json\/wp\/v2\/comments?post=7549"}],"version-history":[{"count":1,"href":"https:\/\/mobilvetta.it\/fr\/wp-json\/wp\/v2\/pages\/7549\/revisions"}],"predecessor-version":[{"id":7551,"href":"https:\/\/mobilvetta.it\/fr\/wp-json\/wp\/v2\/pages\/7549\/revisions\/7551"}],"wp:attachment":[{"href":"https:\/\/mobilvetta.it\/fr\/wp-json\/wp\/v2\/media?parent=7549"}],"curies":[{"name":"wp","href":"https:\/\/api.w.org\/{rel}","templated":true}]}}