{"id":7048,"date":"2024-07-03T15:25:18","date_gmt":"2024-07-03T13:25:18","guid":{"rendered":"https:\/\/mobilvetta.it\/?page_id=7048"},"modified":"2025-10-22T15:25:58","modified_gmt":"2025-10-22T13:25:58","slug":"mobilvetta-presente-fluideen","status":"publish","type":"page","link":"https:\/\/mobilvetta.it\/fr\/mobilvetta-presente-fluideen\/","title":{"rendered":"Mobilvetta pr\u00e9sente Fluideen"},"content":{"rendered":"<h1 style=\"text-align: center;\"><strong>Mobilvetta pr\u00e9sente Fluideen<\/strong><\/h1>\n<p>&nbsp;<\/p>\n<p style=\"text-align: center;\"><em>\u00a0 \u00a0 \u00a0 \u00a0 \u00a0 \u00a0 \u00a0 \u00a0 \u00a0 \u00a0 \u00a0 \u00a0 \u00a0 \u00a0 \u00a0<\/em><\/p>\n<p style=\"text-align: center;\"><em>Le nouveau \u2018concept vehicle\u2019 qui revisite l\u2019id\u00e9e du voyage en camping-car dans un esprit futuriste<\/em><\/p>\n<p>Avec le lancement du <em>concept vehicle<\/em> <strong>Fluideen<\/strong>, Mobilvetta souhaite prendre une voie qui n\u2019a encore jamais \u00e9t\u00e9 explor\u00e9e sur le plan du <strong>design<\/strong>, du <strong>confort<\/strong> et de la <strong>technologie<\/strong>.<\/p>\n<p>Il ne s\u2019agit pas d\u2019un simple exercice de style mais bien d\u2019un v\u00e9ritable <strong>laboratoire d\u2019id\u00e9es<\/strong> qui sera partag\u00e9 avec le public et pr\u00e9sent\u00e9 en avant-premi\u00e8re en Allemagne, \u00e0 l\u2019occasion du <strong>Caravan Salon de D\u00fcsseldorf<\/strong>, puis <strong>en Italie au Salon du camping-car de Parme<\/strong>.<\/p>\n<p>&nbsp;<\/p>\n<h2><strong>Les objectifs du projet<\/strong><\/h2>\n<p>Avec Fluideen, Mobilvetta ouvre une fen\u00eatre sur l\u2019avenir, en concr\u00e9tisant ses ambitions, ses valeurs et son imagination. Elle explore de nouvelles formes de design, teste de nouvelles solutions technologiques et des mat\u00e9riaux innovants qui, \u00e0 l\u2019avenir, pourront \u00eatre appliqu\u00e9s aux v\u00e9hicules de la gamme. En effet, le nouveau <em>concept vehicle<\/em> constituera \u00e9galement un outil pour sonder les opinions des clients et recevoir des avis pr\u00e9cieux pour le d\u00e9veloppement de futurs produits.<\/p>\n<p>Le projet Fluideen confirme ainsi le positionnement de Mobilvetta, qui place l\u2019innovation et les hautes performances au c\u0153ur de sa philosophie de d\u00e9veloppement.<\/p>\n<h3 style=\"text-align: center;\"><strong>\u00a0<\/strong><\/h3>\n","protected":false},"excerpt":{"rendered":"<p>Mobilvetta pr\u00e9sente Fluideen &nbsp; \u00a0 \u00a0 \u00a0 \u00a0 \u00a0 \u00a0 \u00a0 \u00a0 \u00a0 \u00a0 \u00a0 \u00a0 \u00a0 \u00a0 \u00a0 Le nouveau \u2018concept vehicle\u2019 qui revisite l\u2019id\u00e9e du voyage en camping-car dans un esprit futuriste Avec le lancement du concept vehicle Fluideen, Mobilvetta souhaite prendre une voie qui n\u2019a encore jamais \u00e9t\u00e9 explor\u00e9e sur le plan &hellip; <a href=\"https:\/\/mobilvetta.it\/fr\/mobilvetta-presente-fluideen\/\">Continued<\/a><\/p>\n","protected":false},"author":2,"featured_media":0,"parent":0,"menu_order":0,"comment_status":"closed","ping_status":"closed","template":"template-flexible.blade.php","meta":{"_acf_changed":false,"inline_featured_image":false,"footnotes":""},"class_list":["post-7048","page","type-page","status-publish","hentry"],"acf":[],"yoast_head":"<!-- This site is optimized with the Yoast SEO plugin v27.2 - https:\/\/yoast.com\/product\/yoast-seo-wordpress\/ -->\n<title>Mobilvetta pr\u00e9sente Fluideen - Mobilvetta<\/title>\n<meta name=\"robots\" content=\"index, follow, max-snippet:-1, max-image-preview:large, max-video-preview:-1\" \/>\n<link rel=\"canonical\" href=\"https:\/\/mobilvetta.it\/fr\/mobilvetta-presente-fluideen\/\" \/>\n<meta property=\"og:locale\" content=\"fr_FR\" \/>\n<meta property=\"og:type\" content=\"article\" \/>\n<meta property=\"og:title\" content=\"Mobilvetta pr\u00e9sente Fluideen - Mobilvetta\" \/>\n<meta property=\"og:description\" content=\"Mobilvetta pr\u00e9sente Fluideen &nbsp; \u00a0 \u00a0 \u00a0 \u00a0 \u00a0 \u00a0 \u00a0 \u00a0 \u00a0 \u00a0 \u00a0 \u00a0 \u00a0 \u00a0 \u00a0 Le nouveau \u2018concept vehicle\u2019 qui revisite l\u2019id\u00e9e du voyage en camping-car dans un esprit futuriste Avec le lancement du concept vehicle Fluideen, Mobilvetta souhaite prendre une voie qui n\u2019a encore jamais \u00e9t\u00e9 explor\u00e9e sur le plan &hellip; Continued\" \/>\n<meta property=\"og:url\" content=\"https:\/\/mobilvetta.it\/fr\/mobilvetta-presente-fluideen\/\" \/>\n<meta property=\"og:site_name\" content=\"Mobilvetta\" \/>\n<meta property=\"article:modified_time\" content=\"2025-10-22T13:25:58+00:00\" \/>\n<meta name=\"twitter:card\" content=\"summary_large_image\" \/>\n<script type=\"application\/ld+json\" class=\"yoast-schema-graph\">{\"@context\":\"https:\/\/schema.org\",\"@graph\":[{\"@type\":\"WebPage\",\"@id\":\"https:\/\/mobilvetta.it\/fr\/mobilvetta-presente-fluideen\/\",\"url\":\"https:\/\/mobilvetta.it\/fr\/mobilvetta-presente-fluideen\/\",\"name\":\"Mobilvetta pr\u00e9sente Fluideen - Mobilvetta\",\"isPartOf\":{\"@id\":\"https:\/\/mobilvetta.it\/fr\/#website\"},\"datePublished\":\"2024-07-03T13:25:18+00:00\",\"dateModified\":\"2025-10-22T13:25:58+00:00\",\"breadcrumb\":{\"@id\":\"https:\/\/mobilvetta.it\/fr\/mobilvetta-presente-fluideen\/#breadcrumb\"},\"inLanguage\":\"fr-FR\",\"potentialAction\":[{\"@type\":\"ReadAction\",\"target\":[\"https:\/\/mobilvetta.it\/fr\/mobilvetta-presente-fluideen\/\"]}]},{\"@type\":\"BreadcrumbList\",\"@id\":\"https:\/\/mobilvetta.it\/fr\/mobilvetta-presente-fluideen\/#breadcrumb\",\"itemListElement\":[{\"@type\":\"ListItem\",\"position\":1,\"name\":\"Home\",\"item\":\"https:\/\/mobilvetta.it\/fr\/\"},{\"@type\":\"ListItem\",\"position\":2,\"name\":\"Mobilvetta pr\u00e9sente Fluideen\"}]},{\"@type\":\"WebSite\",\"@id\":\"https:\/\/mobilvetta.it\/fr\/#website\",\"url\":\"https:\/\/mobilvetta.it\/fr\/\",\"name\":\"Mobilvetta\",\"description\":\"\",\"potentialAction\":[{\"@type\":\"SearchAction\",\"target\":{\"@type\":\"EntryPoint\",\"urlTemplate\":\"https:\/\/mobilvetta.it\/fr\/?s={search_term_string}\"},\"query-input\":{\"@type\":\"PropertyValueSpecification\",\"valueRequired\":true,\"valueName\":\"search_term_string\"}}],\"inLanguage\":\"fr-FR\"}]}<\/script>\n<!-- \/ Yoast SEO plugin. -->","yoast_head_json":{"title":"Mobilvetta pr\u00e9sente Fluideen - Mobilvetta","robots":{"index":"index","follow":"follow","max-snippet":"max-snippet:-1","max-image-preview":"max-image-preview:large","max-video-preview":"max-video-preview:-1"},"canonical":"https:\/\/mobilvetta.it\/fr\/mobilvetta-presente-fluideen\/","og_locale":"fr_FR","og_type":"article","og_title":"Mobilvetta pr\u00e9sente Fluideen - Mobilvetta","og_description":"Mobilvetta pr\u00e9sente Fluideen &nbsp; \u00a0 \u00a0 \u00a0 \u00a0 \u00a0 \u00a0 \u00a0 \u00a0 \u00a0 \u00a0 \u00a0 \u00a0 \u00a0 \u00a0 \u00a0 Le nouveau \u2018concept vehicle\u2019 qui revisite l\u2019id\u00e9e du voyage en camping-car dans un esprit futuriste Avec le lancement du concept vehicle Fluideen, Mobilvetta souhaite prendre une voie qui n\u2019a encore jamais \u00e9t\u00e9 explor\u00e9e sur le plan &hellip; Continued","og_url":"https:\/\/mobilvetta.it\/fr\/mobilvetta-presente-fluideen\/","og_site_name":"Mobilvetta","article_modified_time":"2025-10-22T13:25:58+00:00","twitter_card":"summary_large_image","schema":{"@context":"https:\/\/schema.org","@graph":[{"@type":"WebPage","@id":"https:\/\/mobilvetta.it\/fr\/mobilvetta-presente-fluideen\/","url":"https:\/\/mobilvetta.it\/fr\/mobilvetta-presente-fluideen\/","name":"Mobilvetta pr\u00e9sente Fluideen - Mobilvetta","isPartOf":{"@id":"https:\/\/mobilvetta.it\/fr\/#website"},"datePublished":"2024-07-03T13:25:18+00:00","dateModified":"2025-10-22T13:25:58+00:00","breadcrumb":{"@id":"https:\/\/mobilvetta.it\/fr\/mobilvetta-presente-fluideen\/#breadcrumb"},"inLanguage":"fr-FR","potentialAction":[{"@type":"ReadAction","target":["https:\/\/mobilvetta.it\/fr\/mobilvetta-presente-fluideen\/"]}]},{"@type":"BreadcrumbList","@id":"https:\/\/mobilvetta.it\/fr\/mobilvetta-presente-fluideen\/#breadcrumb","itemListElement":[{"@type":"ListItem","position":1,"name":"Home","item":"https:\/\/mobilvetta.it\/fr\/"},{"@type":"ListItem","position":2,"name":"Mobilvetta pr\u00e9sente Fluideen"}]},{"@type":"WebSite","@id":"https:\/\/mobilvetta.it\/fr\/#website","url":"https:\/\/mobilvetta.it\/fr\/","name":"Mobilvetta","description":"","potentialAction":[{"@type":"SearchAction","target":{"@type":"EntryPoint","urlTemplate":"https:\/\/mobilvetta.it\/fr\/?s={search_term_string}"},"query-input":{"@type":"PropertyValueSpecification","valueRequired":true,"valueName":"search_term_string"}}],"inLanguage":"fr-FR"}]}},"_links":{"self":[{"href":"https:\/\/mobilvetta.it\/fr\/wp-json\/wp\/v2\/pages\/7048","targetHints":{"allow":["GET"]}}],"collection":[{"href":"https:\/\/mobilvetta.it\/fr\/wp-json\/wp\/v2\/pages"}],"about":[{"href":"https:\/\/mobilvetta.it\/fr\/wp-json\/wp\/v2\/types\/page"}],"author":[{"embeddable":true,"href":"https:\/\/mobilvetta.it\/fr\/wp-json\/wp\/v2\/users\/2"}],"replies":[{"embeddable":true,"href":"https:\/\/mobilvetta.it\/fr\/wp-json\/wp\/v2\/comments?post=7048"}],"version-history":[{"count":10,"href":"https:\/\/mobilvetta.it\/fr\/wp-json\/wp\/v2\/pages\/7048\/revisions"}],"predecessor-version":[{"id":13038,"href":"https:\/\/mobilvetta.it\/fr\/wp-json\/wp\/v2\/pages\/7048\/revisions\/13038"}],"wp:attachment":[{"href":"https:\/\/mobilvetta.it\/fr\/wp-json\/wp\/v2\/media?parent=7048"}],"curies":[{"name":"wp","href":"https:\/\/api.w.org\/{rel}","templated":true}]}}