{"id":7242,"date":"2024-07-04T10:45:51","date_gmt":"2024-07-04T08:45:51","guid":{"rendered":"https:\/\/mobilvetta.it\/?page_id=7242"},"modified":"2024-07-09T11:02:21","modified_gmt":"2024-07-09T09:02:21","slug":"politica-de-cookies","status":"publish","type":"page","link":"https:\/\/mobilvetta.it\/es\/politica-de-cookies\/","title":{"rendered":"Pol\u00edtica de Cookies"},"content":{"rendered":"<p><strong>POL\u00cdTICA DE COOKIES<\/strong><\/p>\n<p>Esta Pol\u00edtica de cookies se refiere al uso de cookies por parte del sitio web\u00a0<strong><a href=\"http:\/\/www.mobilvetta.it\/\">www.mobilvetta.it<\/a><\/strong><\/p>\n<p>Para la Pol\u00edtica de privacidad del sitio web puede\u00a0<strong><a href=\"https:\/\/mobilvetta.it\/es\/politica-de-privacidad\/\">hacer clic aqu\u00ed.<\/a><\/strong><\/p>\n<p>Las cookies son peque\u00f1os archivos de texto que los sitios web pueden utilizar para mejorar la experiencia del usuario y se env\u00edan a su navegador, donde se almacenan antes de retransmitirse al mismo sitio web en la pr\u00f3xima visita del usuario. Las cookies tienen diferentes funciones.<\/p>\n<p>Las cookies est\u00e1n destinadas a mejorar la funcionalidad y la navegaci\u00f3n de este sitio web.<\/p>\n<p>En otros casos, sin embargo, las cookies se utilizan para monitorizar a los usuarios durante la navegaci\u00f3n, registrando informaci\u00f3n sobre lo que el usuario compra o puede desear comprar, analizando sus lecturas y aficiones para personalizar la publicidad que se le muestra al abrir el correo electr\u00f3nico o navegar por una red social.\u00a0 Se utilizan cookies para personalizar el contenido y los anuncios, permitir funciones de redes sociales y analizar el tr\u00e1fico.<\/p>\n<p>En su navegador, el Usuario puede configurar sus preferencias de privacidad para no almacenar cookies, eliminarlas despu\u00e9s de cada visita o cada vez que cierre el navegador, o incluso aceptar solo cookies de\u00a0<strong><a href=\"http:\/\/www.elnagh.com\/\">www.mobilvetta.it<\/a><\/strong>\u00a0y no las de terceros.<\/p>\n<p><strong>Cookies t\u00e9cnicas<\/strong><\/p>\n<p>Las cookies t\u00e9cnicas son aquellas cuyo uso no requiere el consentimiento del usuario.<\/p>\n<p>Las cookies t\u00e9cnicas se utilizan con el \u00fanico prop\u00f3sito de permitir al usuario navegar por el sitio web y permitirle utilizar sus funciones. Estas son siempre cookies propias, ya que son transmitidas directamente por el Responsable del tratamiento al sitio web. Las cookies de navegaci\u00f3n son normalmente cookies de sesi\u00f3n y, por lo tanto, una vez que se cierra el navegador, se desactivan autom\u00e1ticamente. Otras cookies t\u00e9cnicas son \u00fatiles para permitir memorizar algunas preferencias del usuario sin tener que restablecerlas durante visitas posteriores (denominadas cookies de funcionalidad). Por este motivo, las cookies funcionales suelen ser cookies persistentes, ya que permanecen almacenadas en el ordenador del usuario incluso despu\u00e9s de que se haya cerrado el navegador, hasta la fecha de caducidad que se les proporciona o hasta que el usuario decida eliminarlas .<\/p>\n<p><strong>Cookies de terceros<\/strong><\/p>\n<p>Estas cookies se utilizan para recopilar informaci\u00f3n sobre el uso del sitio web realizado por los usuarios de forma an\u00f3nima, tales como: p\u00e1ginas visitadas, tiempo empleado, or\u00edgenes del tr\u00e1fico de procedencia, procedencia geogr\u00e1fica, edad, g\u00e9nero e intereses con fines estad\u00edsticos y para campa\u00f1as de marketing. Estas cookies se env\u00edan desde dominios de terceros externos al sitio web.<\/p>\n<h3 class=\"tw-data-text tw-text-large tw-ta\" dir=\"ltr\" data-placeholder=\"Traduzione\"><span class=\"Y2IQFc\" lang=\"es\">HERRAMIENTAS DE CONTACTO<\/span><\/h3>\n<p><strong>HubSpot (HubSpot Ireland Limited)<\/strong><\/p>\n<p id=\"tw-target-text\" class=\"tw-data-text tw-text-large tw-ta\" dir=\"ltr\" data-placeholder=\"Traduzione\"><span class=\"Y2IQFc\" lang=\"es\">Para m\u00e1s informaci\u00f3n solo sigue este enlace:<\/span><\/p>\n<p><a href=\"https:\/\/legal.hubspot.com\/cookie-policy\"><strong>https:\/\/legal.hubspot.com\/cookie-policy<\/strong><\/a><\/p>\n<p>&nbsp;<\/p>\n<p><strong>NEWSLETTER<\/strong><\/p>\n<p>Este Sitio web utiliza el servicio<br \/>\n<strong><br \/>\nAmazon Simple Email Service<\/strong><br \/>\nPara m\u00e1s informaci\u00f3n solo hay que seguir este enlace<br \/>\n<a href=\"https:\/\/d1.awsstatic.com\/legal\/privacypolicy\/AWS_Privacy_Notice_Italian_2020-08-15.pdf\">https:\/\/d1.awsstatic.com\/legal\/privacypolicy\/AWS_Privacy_Notice_Italian_2020-08-15.pdf<\/a><\/p>\n<p>&nbsp;<\/p>\n<p>&nbsp;<\/p>\n<p><strong>ESTAD\u00cdSTICAS<\/strong><\/p>\n<p><strong>1. Google Analitycs\u00a0<\/strong><\/p>\n<p>Google Analytics utiliza cookies para recopilar informaci\u00f3n de forma agregada sobre la cantidad de usuarios y c\u00f3mo visitan este sitio web. Este sitio web utiliza el servicio Google Analitycs ofrecido por Google Ireland Limited, con IP an\u00f3nimo, cuyas cookies son, por lo tanto, de terceros, para el monitoreo estad\u00edstico de las actividades realizadas en el sitio web. Google Analytics utiliza cookies que no almacenan datos personales.<\/p>\n<p>Para obtener m\u00e1s informaci\u00f3n sobre Google Analytics, puede consultar los siguientes sitios web:<\/p>\n<p><a href=\"https:\/\/www.google.it\/policies\/privacy\/partners\/\"><strong>https:\/\/www.google.it\/policies\/privacy\/partners\/<\/strong><\/a><\/p>\n<p><a href=\"https:\/\/developers.google.com\/analytics\/devguides\/collection\/analyticsjs\/cookie-usage\"><strong>https:\/\/developers.google.com\/analytics\/devguides\/collection\/analyticsjs\/cookie-usage<\/strong><\/a><\/p>\n<p>Es posible desactivar la acci\u00f3n de Google Analytics a trav\u00e9s de la exclusi\u00f3n voluntaria:<\/p>\n<p><a href=\"https:\/\/tools.google.com\/dlpage\/gaoptout\"><strong>https:\/\/tools.google.com\/dlpage\/gaoptout<\/strong><\/a><\/p>\n<p><strong>2.\u00a0Seguimiento de conversi\u00f3n de p\u00edxeles de Facebook (Meta Platforms, Inc.)<br \/>\n<\/strong>Este Sitio web utiliza el servicio de seguimiento de conversiones ofrecido por Meta Platforms, Inc. cuyas correspondientes Cookies son, por lo tanto, de terceros, para la monitorizaci\u00f3n estad\u00edstica de las actividades llevadas a cabo en el Sitio web. Para m\u00e1s informaci\u00f3n solo hay que seguir este enlace:\u00a0<strong><u><a href=\"https:\/\/www.facebook.com\/policies\/cookies\/\">https:\/\/www.facebook.com\/policies\/cookies\/<\/a><\/u><\/strong><\/p>\n<p><strong>3. Google Search Console (Google Ireland Limited)<br \/>\n<\/strong>Para m\u00e1s informaci\u00f3n solo hay que seguir este enlace\u00a0<strong><a href=\"https:\/\/policies.google.com\/privacy?hl=it\">https:\/\/policies.google.com\/privacy?hl=it<\/a><\/strong><\/p>\n<p><strong><br \/>\nGESTION DE TAG<br \/>\n<\/strong><\/p>\n<p><strong>Google Tag manager (Google Ireland Limited)<\/strong><\/p>\n<p>Este Sitio web utiliza el servicio de gesti\u00f3n de etiquetas de terceros ofrecido por Google Ireland Limited. Para m\u00e1s informaci\u00f3n solo hay que seguir este enlace:\u00a0<a href=\"https:\/\/policies.google.com\/technologies\/cookies?hl=it\">https:\/\/policies.google.com\/technologies\/cookies?hl=it<\/a><strong><br \/>\n<\/strong><\/p>\n<p><strong>BOUTONS SOCIAL NETWORK\u00a0<\/strong><\/p>\n<p>1<strong>. Facebook<\/strong><\/p>\n<p>Para m\u00e1s informaci\u00f3n solo hay que seguir este enlace:<strong>\u00a0<a href=\"https:\/\/www.facebook.com\/policies\/cookies\/\">https:\/\/www.facebook.com\/policies\/cookies\/<\/a><\/strong><\/p>\n<p>2<strong>. Instagram<\/strong><\/p>\n<p>Para m\u00e1s informaci\u00f3n solo hay que seguir este enlace:\u00a0<a href=\"https:\/\/help.instagram.com\/1896641480634370\"><strong>https:\/\/help.instagram.com\/1896641480634370<\/strong><\/a><\/p>\n<p>3.\u00a0<strong>Youtube<\/strong><\/p>\n<p>Para m\u00e1s informaci\u00f3n solo hay que seguir este enlace:\u00a0<strong><a href=\"https:\/\/policies.google.com\/technologies\/cookies?hl=it\">https:\/\/policies.google.com\/technologies\/cookies?hl=it<\/a><\/strong><\/p>\n<p>&nbsp;<\/p>\n<p><strong>\u00a0<\/strong><\/p>\n<p><strong>CONTENIDO EN PLATAFORMAS EXTERNAS.<\/strong><\/p>\n<p>1.<strong>\u00a0Google Maps<\/strong><\/p>\n<p>Para m\u00e1s informaci\u00f3n solo hay que seguir este enlace:\u00a0<a href=\"https:\/\/policies.google.com\/technologies\/types?hl=it\"><strong>https:\/\/policies.google.com\/technologies\/types?hl=it<\/strong><\/a><\/p>\n<p>2.\u00a0<strong>Youtube<br \/>\n<\/strong>Para m\u00e1s informaci\u00f3n solo hay que seguir este enlace:\u00a0<strong><a href=\"https:\/\/policies.google.com\/technologies\/cookies?hl=it\">https:\/\/policies.google.com\/technologies\/cookies?hl=it<\/a><\/strong><\/p>\n<p><strong><br \/>\nCookies de perfil<\/strong><\/p>\n<p>Las cookies de perfil se utilizan para crear un perfil de usuario, en funci\u00f3n de las preferencias y los gustos que ha expresado al navegar por Internet, con el fin de mostrar anuncios que sean coherentes con su perfil. De esta manera, los anuncios que el usuario ver\u00e1 en este sitio web pueden ser m\u00e1s interesantes para \u00e9l. Seg\u00fan lo previsto por la legislaci\u00f3n vigente en materia de privacidad, es necesario contar con un consentimiento previo para instalar estas cookies.<\/p>\n<p><strong>1) Google ADS (Google<\/strong>\u00a0<strong>Ireland Limited)<\/strong><\/p>\n<p>Google ADS es un servicio proporcionado por Google Ireland Limited que vincula este sitio web a la red de publicidad de Google. Nuestro sitio utiliza las funciones de Remarketing de Google Analytics combinadas con la capacidad de adaptaci\u00f3n a diferentes dispositivos de Google ADS.<\/p>\n<p>Esta funci\u00f3n hace posible vincular grupos objetivo para campa\u00f1as promocionales creadas por la funci\u00f3n de Marketing de Google Analytics con adaptabilidad a diferentes dispositivos de Google ADS. Esto permite mostrar anuncios basados en los intereses personales del usuario, identificados a trav\u00e9s de un an\u00e1lisis del comportamiento del usuario en la web, ya sea en un dispositivo m\u00f3vil o en otros dispositivos. Es posible deshabilitar permanentemente las funciones de targeting y remarketing al deshabilitar la funci\u00f3n de \u00abpublicidad personalizada\u00bb en la cuenta de Google. Para ello, simplemente siga este enlace:\u00a0<a href=\"https:\/\/www.google.com\/settings\/ads\/onweb\/\"><strong>https:\/\/www.google.com\/settings\/ads\/onweb\/<\/strong><\/a><\/p>\n<p><strong>2) Facebook Pixel<\/strong><\/p>\n<p>&nbsp;<\/p>\n<p>El Pixel de Facebook se utiliza para llevar a cabo actividades de \u00abremarketing\u00bb y \u00abretargeting\u00bb; gracias a estas actividades, utilizamos las cookies que el usuario deja en el sitio web, sin identificarlo.<br \/>\nPara verificar y desactivar los anuncios, simplemente siga estos enlaces:\u00a0<a href=\"https:\/\/www.facebook.com\/policies\/cookies\/\"><strong>https:\/\/www.facebook.com\/policies\/cookies\/<\/strong><\/a><strong>\u00a0e\u00a0<\/strong><a href=\"https:\/\/www.facebook.com\/ads\/settings\"><strong>https:\/\/www.facebook.com\/ads\/settings<\/strong><\/a><\/p>\n<p><strong>3) Instagram Ads<br \/>\n<\/strong>Este Sitio web utiliza la herramienta Pixel para medir las conversiones y comprender las acciones que las personas realizan en el Sitio web.<br \/>\nPara m\u00e1s informaci\u00f3n solo hay que seguir este enlace\u00a0<a href=\"https:\/\/help.instagram.com\/519522125107875\">https:\/\/help.instagram.com\/519522125107875<\/a><\/p>\n<p>&nbsp;<\/p>\n<p><strong>Eliminar o desactivar las cookies<\/strong><\/p>\n<p>Excepto por las cookies t\u00e9cnicas estrictamente necesarias para una navegaci\u00f3n normal, la comunicaci\u00f3n de los datos se deja a voluntad del usuario que decide navegar por el sitio despu\u00e9s de haber le\u00eddo la informaci\u00f3n contenida en el banner correspondiente y utilizar los servicios de terceros que implican la instalaci\u00f3n de cookies.\u00a0Por tanto, el Usuario puede evitar la instalaci\u00f3n de Cookies manteniendo el banner o mediante las funciones apropiadas disponibles en su navegador o en esta pol\u00edtica. El Usuario puede administrar preferencias relacionadas con las cookies directamente en su navegador y evitar que terceros puedan instalarlas.<br \/>\nEs importante que el Usuario sepa que, al desactivar todas las cookies, el funcionamiento de este sitio web puede verse comprometido.<\/p>\n<p>Cada navegador tiene diferentes procedimientos para gestionar la configuraci\u00f3n.<\/p>\n<p>El Usuario puede obtener instrucciones espec\u00edficas a trav\u00e9s de los siguientes enlaces.<br \/>\nEliminar\/desactivar las cookies de Android en el siguiente enlace:<br \/>\n<a href=\"https:\/\/support.google.com\/chrome\/answer\/2392971?hl=it-IT\"><strong>https:\/\/support.google.com\/chrome\/answer\/2392971?hl=it-IT<\/strong><\/a><\/p>\n<p>Eliminar\/desactivar las cookies de Mozilla Firefox en el siguiente enlace:<br \/>\n<a href=\"http:\/\/support.mozilla.com\/it\/kb\/Eliminare%20i%20cookie\"><strong>http:\/\/support.mozilla.com\/it\/kb\/Eliminare%20i%20cookie<\/strong><\/a><br \/>\nEliminar\/desactivar las cookies con Explorer en el siguiente enlace:<br \/>\n<a href=\"http:\/\/windows.microsoft.com\/it-IT\/windows-vista\/Delete-your-Internet-cookies\"><strong>http:\/\/windows.microsoft.com\/it-IT\/windows-vista\/Delete-your-Internet-cookies<\/strong><\/a><br \/>\nEliminar\/desactivar las cookies con Chrome en el siguiente enlace:<br \/>\n<a href=\"http:\/\/support.google.com\/chrome\/bin\/answer.py?hl=it&amp;answer=95647\"><strong>http:\/\/support.google.com\/chrome\/bin\/answer.py?hl=it&amp;answer=95647<\/strong><\/a><br \/>\nEliminar\/desactivar las cookies con Safari en el siguiente enlace:<br \/>\n<a href=\"http:\/\/support.apple.com\/kb\/PH5042\"><strong>http:\/\/support.apple.com\/kb\/PH5042<\/strong><\/a><br \/>\nEliminar\/desactivar las cookies con Opera en el siguiente enlace:<br \/>\n<a href=\"http:\/\/www.opera.com\/browser\/tutorials\/security\/privacy\/\"><strong>http:\/\/www.opera.com\/browser\/tutorials\/security\/privacy\/<\/strong><\/a><br \/>\nEliminar\/desactivar las cookies iOS en el siguiente enlace:<br \/>\n<a href=\"https:\/\/support.apple.com\/it-it\/HT201265\"><strong>https:\/\/support.apple.com\/it-it\/HT201265<\/strong><\/a><\/p>\n<p>Para desactivar las cookies de terceros, tambi\u00e9n puede utilizar\u00a0<strong>Your Online Choices,<\/strong>\u00a0<a href=\"http:\/\/www.youronlinechoices.com\/it\/le-tue-scelte\"><strong>http:\/\/www.youronlinechoices.com\/it\/le-tue-scelte<\/strong><\/a>\u00a0un servicio web gestionado por la Alianza Europea de Publicidad Digital Interactiva (EDAA en sus siglas en ingl\u00e9s), una organizaci\u00f3n sin \u00e1nimo de lucro que proporciona informaci\u00f3n sobre publicidad basada en el comportamiento que utiliza cookies de perfil y permite a los usuarios oponerse (excluirse) f\u00e1cilmente a su instalaci\u00f3n. Al eliminar todas las cookies de su navegador o eliminarlas a trav\u00e9s de servicios como Your Online Choices, estas, si son terceros, se inhibir\u00e1n gen\u00e9ricamente, no solo dentro del marco de este sitio web<\/p>\n<p><strong>\u00a0<\/strong><\/p>\n<p><strong>M\u00e1s informaci\u00f3n sobre el Tratamiento<br \/>\n<\/strong><br \/>\nA solicitud del Usuario, adem\u00e1s de la informaci\u00f3n contenida en esta Pol\u00edtica de cookies, este sitio web puede proporcionar al Usuario informaci\u00f3n adicional y contextual sobre servicios espec\u00edficos, o la recopilaci\u00f3n y el procesamiento de Datos personales.<br \/>\nPara las necesidades relacionadas con el funcionamiento y el mantenimiento, este sitio web y otros servicios de terceros que puedan utilizarse en \u00e9l puede recopilar registros del sistema, es decir, archivos que registran las interacciones y que tambi\u00e9n pueden contener datos personales, como la direcci\u00f3n IP del usuario.<br \/>\nSe puede solicitar m\u00e1s informaci\u00f3n sobre el Tratamiento de los Datos personales en cualquier momento al Responsable del tratamiento utilizando la informaci\u00f3n de contacto.<br \/>\n<strong>Ejercicio de los derechos por parte del interesado<\/strong><br \/>\nDe acuerdo con los art\u00edculos 15-22 del Reglamento Europeo n.\u00ba 679\/2016, el Interesado tiene derecho a obtener la confirmaci\u00f3n de la existencia o no de los datos personales que le conciernen, aunque a\u00fan no est\u00e9n registrados, y su comunicaci\u00f3n en forma inteligible.<\/p>\n<p>El interesado tiene derecho a obtener la indicaci\u00f3n:<\/p>\n<p>a) del origen de los datos personales tratados;<br \/>\nb) de las finalidades y modalidades del tratamiento;<br \/>\nc) de la l\u00f3gica aplicada en caso de tratamiento realizado por medio de instrumentos electr\u00f3nicos;<br \/>\nd) de los datos de identificaci\u00f3n del Responsable y de los Encargados del tratamiento de los datos personales;<br \/>\ne) de los sujetos o categor\u00edas de sujetos a quienes los datos personales puedan ser comunicados o que puedan tener conocimiento de ellos en calidad de representantes designados en el territorio del Estado, de responsables o encargados;<br \/>\nf) la actualizaci\u00f3n, rectificaci\u00f3n o integraci\u00f3n de datos cuando as\u00ed lo solicite;<br \/>\ng) la cancelaci\u00f3n, la transformaci\u00f3n en forma an\u00f3nima o el bloqueo de los datos tratados ilegalmente, incluidos los datos cuya conservaci\u00f3n no sea necesaria para los fines para los que fueron recopilados o tratados posteriormente.<\/p>\n<p><strong>Responsable del tratamiento<\/strong><br \/>\nEl Responsable del tratamiento de los Datos recopilados por este Sito web es\u00a0<strong>S.E.A. Societ\u00e0 Europea Autocaravn<\/strong>\u00a0<strong>S.p.A.<\/strong>\u00a0via Val d\u2019Aosta n. 4, Localit\u00e0 Fosci, 53036 Poggibonsi (SI) C.F. e P.IVA n. IT 03345730968, email:\u00a0<strong>privacy@trigano.it<\/strong><br \/>\nDe conformidad con los art\u00edculos 37-39 del RGPD, el Responsable del tratamiento ha designado al Responsable de la protecci\u00f3n de datos personales (DPO), cuyo nombre y contacto se puede encontrar en el Responsable del tratamiento. Para contactar con el Responsable de la protecci\u00f3n de datos personales, la direcci\u00f3n de correo electr\u00f3nico es dpo@trigano.it.<br \/>\nEl Responsable no se hace cargo de la actualizaci\u00f3n de todos los enlaces que se pueden visualizar en esta Pol\u00edtica de Cookies, por lo que siempre que un enlace no funcione o no est\u00e9 actualizado, los Usuarios reconocen y aceptan que siempre deber\u00e1n remitirse al documento o apartado de los Sitios web a los que se accede desde dicho enlace.<\/p>\n<p>Pol\u00edtica de cookies actualizada en\u00a0Octubre de 2022.<\/p>\n","protected":false},"excerpt":{"rendered":"<p>POL\u00cdTICA DE COOKIES Esta Pol\u00edtica de cookies se refiere al uso de cookies por parte del sitio web\u00a0www.mobilvetta.it Para la Pol\u00edtica de privacidad del sitio web puede\u00a0hacer clic aqu\u00ed. Las cookies son peque\u00f1os archivos de texto que los sitios web pueden utilizar para mejorar la experiencia del usuario y se env\u00edan a su navegador, donde &hellip; <a href=\"https:\/\/mobilvetta.it\/es\/politica-de-cookies\/\">Continued<\/a><\/p>\n","protected":false},"author":4,"featured_media":0,"parent":0,"menu_order":0,"comment_status":"closed","ping_status":"closed","template":"","meta":{"_acf_changed":false,"inline_featured_image":false,"footnotes":""},"class_list":["post-7242","page","type-page","status-publish","hentry"],"acf":[],"yoast_head":"<!-- This site is optimized with the Yoast SEO plugin v27.2 - https:\/\/yoast.com\/product\/yoast-seo-wordpress\/ -->\n<title>Pol\u00edtica de Cookies - Mobilvetta<\/title>\n<meta name=\"robots\" content=\"index, follow, max-snippet:-1, max-image-preview:large, max-video-preview:-1\" \/>\n<link rel=\"canonical\" href=\"https:\/\/mobilvetta.it\/es\/politica-de-cookies\/\" \/>\n<meta property=\"og:locale\" content=\"es_ES\" \/>\n<meta property=\"og:type\" content=\"article\" \/>\n<meta property=\"og:title\" content=\"Pol\u00edtica de Cookies - Mobilvetta\" \/>\n<meta property=\"og:description\" content=\"POL\u00cdTICA DE COOKIES Esta Pol\u00edtica de cookies se refiere al uso de cookies por parte del sitio web\u00a0www.mobilvetta.it Para la Pol\u00edtica de privacidad del sitio web puede\u00a0hacer clic aqu\u00ed. Las cookies son peque\u00f1os archivos de texto que los sitios web pueden utilizar para mejorar la experiencia del usuario y se env\u00edan a su navegador, donde &hellip; Continued\" \/>\n<meta property=\"og:url\" content=\"https:\/\/mobilvetta.it\/es\/politica-de-cookies\/\" \/>\n<meta property=\"og:site_name\" content=\"Mobilvetta\" \/>\n<meta property=\"article:modified_time\" content=\"2024-07-09T09:02:21+00:00\" \/>\n<meta name=\"twitter:card\" content=\"summary_large_image\" \/>\n<meta name=\"twitter:label1\" content=\"Tiempo de lectura\" \/>\n\t<meta name=\"twitter:data1\" content=\"10 minutos\" \/>\n<script type=\"application\/ld+json\" class=\"yoast-schema-graph\">{\"@context\":\"https:\/\/schema.org\",\"@graph\":[{\"@type\":\"WebPage\",\"@id\":\"https:\/\/mobilvetta.it\/es\/politica-de-cookies\/\",\"url\":\"https:\/\/mobilvetta.it\/es\/politica-de-cookies\/\",\"name\":\"Pol\u00edtica de Cookies - Mobilvetta\",\"isPartOf\":{\"@id\":\"https:\/\/mobilvetta.it\/es\/#website\"},\"datePublished\":\"2024-07-04T08:45:51+00:00\",\"dateModified\":\"2024-07-09T09:02:21+00:00\",\"breadcrumb\":{\"@id\":\"https:\/\/mobilvetta.it\/es\/politica-de-cookies\/#breadcrumb\"},\"inLanguage\":\"es\",\"potentialAction\":[{\"@type\":\"ReadAction\",\"target\":[\"https:\/\/mobilvetta.it\/es\/politica-de-cookies\/\"]}]},{\"@type\":\"BreadcrumbList\",\"@id\":\"https:\/\/mobilvetta.it\/es\/politica-de-cookies\/#breadcrumb\",\"itemListElement\":[{\"@type\":\"ListItem\",\"position\":1,\"name\":\"Home\",\"item\":\"https:\/\/mobilvetta.it\/es\/\"},{\"@type\":\"ListItem\",\"position\":2,\"name\":\"Pol\u00edtica de Cookies\"}]},{\"@type\":\"WebSite\",\"@id\":\"https:\/\/mobilvetta.it\/es\/#website\",\"url\":\"https:\/\/mobilvetta.it\/es\/\",\"name\":\"Mobilvetta\",\"description\":\"\",\"potentialAction\":[{\"@type\":\"SearchAction\",\"target\":{\"@type\":\"EntryPoint\",\"urlTemplate\":\"https:\/\/mobilvetta.it\/es\/?s={search_term_string}\"},\"query-input\":{\"@type\":\"PropertyValueSpecification\",\"valueRequired\":true,\"valueName\":\"search_term_string\"}}],\"inLanguage\":\"es\"}]}<\/script>\n<!-- \/ Yoast SEO plugin. -->","yoast_head_json":{"title":"Pol\u00edtica de Cookies - Mobilvetta","robots":{"index":"index","follow":"follow","max-snippet":"max-snippet:-1","max-image-preview":"max-image-preview:large","max-video-preview":"max-video-preview:-1"},"canonical":"https:\/\/mobilvetta.it\/es\/politica-de-cookies\/","og_locale":"es_ES","og_type":"article","og_title":"Pol\u00edtica de Cookies - Mobilvetta","og_description":"POL\u00cdTICA DE COOKIES Esta Pol\u00edtica de cookies se refiere al uso de cookies por parte del sitio web\u00a0www.mobilvetta.it Para la Pol\u00edtica de privacidad del sitio web puede\u00a0hacer clic aqu\u00ed. Las cookies son peque\u00f1os archivos de texto que los sitios web pueden utilizar para mejorar la experiencia del usuario y se env\u00edan a su navegador, donde &hellip; Continued","og_url":"https:\/\/mobilvetta.it\/es\/politica-de-cookies\/","og_site_name":"Mobilvetta","article_modified_time":"2024-07-09T09:02:21+00:00","twitter_card":"summary_large_image","twitter_misc":{"Tiempo de lectura":"10 minutos"},"schema":{"@context":"https:\/\/schema.org","@graph":[{"@type":"WebPage","@id":"https:\/\/mobilvetta.it\/es\/politica-de-cookies\/","url":"https:\/\/mobilvetta.it\/es\/politica-de-cookies\/","name":"Pol\u00edtica de Cookies - Mobilvetta","isPartOf":{"@id":"https:\/\/mobilvetta.it\/es\/#website"},"datePublished":"2024-07-04T08:45:51+00:00","dateModified":"2024-07-09T09:02:21+00:00","breadcrumb":{"@id":"https:\/\/mobilvetta.it\/es\/politica-de-cookies\/#breadcrumb"},"inLanguage":"es","potentialAction":[{"@type":"ReadAction","target":["https:\/\/mobilvetta.it\/es\/politica-de-cookies\/"]}]},{"@type":"BreadcrumbList","@id":"https:\/\/mobilvetta.it\/es\/politica-de-cookies\/#breadcrumb","itemListElement":[{"@type":"ListItem","position":1,"name":"Home","item":"https:\/\/mobilvetta.it\/es\/"},{"@type":"ListItem","position":2,"name":"Pol\u00edtica de Cookies"}]},{"@type":"WebSite","@id":"https:\/\/mobilvetta.it\/es\/#website","url":"https:\/\/mobilvetta.it\/es\/","name":"Mobilvetta","description":"","potentialAction":[{"@type":"SearchAction","target":{"@type":"EntryPoint","urlTemplate":"https:\/\/mobilvetta.it\/es\/?s={search_term_string}"},"query-input":{"@type":"PropertyValueSpecification","valueRequired":true,"valueName":"search_term_string"}}],"inLanguage":"es"}]}},"_links":{"self":[{"href":"https:\/\/mobilvetta.it\/es\/wp-json\/wp\/v2\/pages\/7242","targetHints":{"allow":["GET"]}}],"collection":[{"href":"https:\/\/mobilvetta.it\/es\/wp-json\/wp\/v2\/pages"}],"about":[{"href":"https:\/\/mobilvetta.it\/es\/wp-json\/wp\/v2\/types\/page"}],"author":[{"embeddable":true,"href":"https:\/\/mobilvetta.it\/es\/wp-json\/wp\/v2\/users\/4"}],"replies":[{"embeddable":true,"href":"https:\/\/mobilvetta.it\/es\/wp-json\/wp\/v2\/comments?post=7242"}],"version-history":[{"count":4,"href":"https:\/\/mobilvetta.it\/es\/wp-json\/wp\/v2\/pages\/7242\/revisions"}],"predecessor-version":[{"id":7250,"href":"https:\/\/mobilvetta.it\/es\/wp-json\/wp\/v2\/pages\/7242\/revisions\/7250"}],"wp:attachment":[{"href":"https:\/\/mobilvetta.it\/es\/wp-json\/wp\/v2\/media?parent=7242"}],"curies":[{"name":"wp","href":"https:\/\/api.w.org\/{rel}","templated":true}]}}