{"id":13091,"date":"2025-11-14T09:52:29","date_gmt":"2025-11-14T08:52:29","guid":{"rendered":"https:\/\/mobilvetta.it\/?page_id=13091"},"modified":"2025-11-14T09:52:29","modified_gmt":"2025-11-14T08:52:29","slug":"user-and-maintenance","status":"publish","type":"page","link":"https:\/\/mobilvetta.it\/en\/user-and-maintenance\/","title":{"rendered":"USER AND MAINTENANCE"},"content":{"rendered":"<section class=\"title-page-h1\">\n<div class=\"ds-container\">\n<h1><span style=\"font-size: 16px;\">Choose your language and download the manual for motorhome:<\/span><\/h1>\n<\/div>\n<p><a href=\"https:\/\/mobilvetta.it\/wp-content\/uploads\/2025\/11\/BUL-\u0420\u044a\u043a\u043e\u0432\u043e\u0434\u0441\u0442\u0432\u043e-\u0437\u0430-\u0443\u043f\u043e\u0442\u0440\u0435\u0431\u0430-\u0438-\u043f\u043e\u0434\u0434\u0440\u044a\u0436\u043a\u0430.pdf\">BUL-\u0420\u044a\u043a\u043e\u0432\u043e\u0434\u0441\u0442\u0432\u043e \u0437\u0430 \u0443\u043f\u043e\u0442\u0440\u0435\u0431\u0430 \u0438 \u043f\u043e\u0434\u0434\u0440\u044a\u0436\u043a\u0430<\/a><\/p>\n<p><a href=\"https:\/\/mobilvetta.it\/wp-content\/uploads\/2025\/11\/CZE-Navod-k-pouziti-a-udrzbe.pdf\">CZE-N\u00e1vod k pou\u017eit\u00ed a \u00fadr\u017eb\u011b<\/a><\/p>\n<p><a href=\"https:\/\/mobilvetta.it\/wp-content\/uploads\/2025\/11\/DAN-Brugs-og-vedligeholdelsesvejledning.pdf\">DAN-Brugs- og vedligeholdelsesvejledning<\/a><\/p>\n<p><a href=\"https:\/\/mobilvetta.it\/wp-content\/uploads\/2025\/11\/ELL-\u0395\u03b3\u03c7\u03b5\u03b9\u03c1\u03af\u03b4\u03b9\u03bf-\u03c7\u03c1\u03ae\u03c3\u03b7\u03c2-\u03ba\u03b1\u03b9-\u03c3\u03c5\u03bd\u03c4\u03ae\u03c1\u03b7\u03c3\u03b7\u03c2.pdf\">ELL-\u0395\u03b3\u03c7\u03b5\u03b9\u03c1\u03af\u03b4\u03b9\u03bf \u03c7\u03c1\u03ae\u03c3\u03b7\u03c2 \u03ba\u03b1\u03b9 \u03c3\u03c5\u03bd\u03c4\u03ae\u03c1\u03b7\u03c3\u03b7\u03c2<\/a><\/p>\n<p><a href=\"https:\/\/mobilvetta.it\/wp-content\/uploads\/2025\/11\/ENG-Use-and-Maintenance-Manual.pdf\">ENG-Use-and-Maintenance-Manual<\/a><\/p>\n<p><a href=\"https:\/\/mobilvetta.it\/wp-content\/uploads\/2025\/11\/EST-Kasutus-ja-hooldusjuhend.pdf\">EST-Kasutus- ja hooldusjuhend<\/a><\/p>\n<p><a href=\"https:\/\/mobilvetta.it\/wp-content\/uploads\/2025\/11\/FIN-Kaytto-ja-huolto-opas.pdf\">FIN-K\u00e4ytt\u00f6- ja huolto-opas<\/a><\/p>\n<p><a href=\"https:\/\/mobilvetta.it\/wp-content\/uploads\/2025\/11\/FRA-Manuel-dUtilisation-et-dEntretien.pdf\">FRA-Manuel d\u2019Utilisation et d\u2019Entretien<\/a><\/p>\n<p><a href=\"https:\/\/mobilvetta.it\/wp-content\/uploads\/2025\/11\/HRV-Prirucnik-za-uporabu-i-odrzavanje.pdf\">HRV-Priru\u010dnik za uporabu i odr\u017eavanje<\/a><\/p>\n<p><a href=\"https:\/\/mobilvetta.it\/wp-content\/uploads\/2025\/11\/HUN-Hasznalati-es-karbantartasi-utmutato.pdf\">HUN-Haszn\u00e1lati \u00e9s karbantart\u00e1si \u00fatmutat\u00f3<\/a><\/p>\n<p><a href=\"https:\/\/mobilvetta.it\/wp-content\/uploads\/2025\/11\/NLD-Handleiding-voor-gebruik-en-onderhoud.pdf\">NLD-Handleiding voor gebruik en onderhoud<\/a><\/p>\n<p><a href=\"https:\/\/mobilvetta.it\/wp-content\/uploads\/2025\/11\/NOB-Handbok-for-bruk-og-vedlikehold.pdf\">NOB-H\u00e5ndbok for bruk og vedlikehold<\/a><\/p>\n<p><a href=\"https:\/\/mobilvetta.it\/wp-content\/uploads\/2025\/11\/POL-Instrukcja-obslugi-i-konserwacji.pdf\">POL-Instrukcja obs\u0142ugi i konserwacji<\/a><\/p>\n<p><a href=\"https:\/\/mobilvetta.it\/wp-content\/uploads\/2025\/11\/POR-Manual-de-Uso-e-Manutencao.pdf\">POR-Manual de Uso e Manuten\u00e7\u00e3o<\/a><\/p>\n<p><a href=\"https:\/\/mobilvetta.it\/wp-content\/uploads\/2025\/11\/SLK-Navod-na-pouzivanie-a-udrzbu.pdf\">SLK-N\u00e1vod na pou\u017e\u00edvanie a \u00fadr\u017ebu<\/a><\/p>\n<p><a href=\"https:\/\/mobilvetta.it\/wp-content\/uploads\/2025\/11\/SLV-Prirocnik-za-uporabo-in-vzdrzevanje.pdf\">SLV-Priro\u010dnik za uporabo in vzdr\u017eevanje<\/a><\/p>\n<p><a href=\"https:\/\/mobilvetta.it\/wp-content\/uploads\/2025\/11\/SWE-Bruks-och-underhallsmanual.pdf\">SWE-Bruks- och underh\u00e5llsmanual<\/a><\/p>\n<\/section>\n<article class=\"post-6761 page type-page status-publish hentry\">\n<div class=\"container\"><\/div>\n<\/article>\n","protected":false},"excerpt":{"rendered":"<p>Choose your language and download the manual for motorhome: BUL-\u0420\u044a\u043a\u043e\u0432\u043e\u0434\u0441\u0442\u0432\u043e \u0437\u0430 \u0443\u043f\u043e\u0442\u0440\u0435\u0431\u0430 \u0438 \u043f\u043e\u0434\u0434\u0440\u044a\u0436\u043a\u0430 CZE-N\u00e1vod k pou\u017eit\u00ed a \u00fadr\u017eb\u011b DAN-Brugs- og vedligeholdelsesvejledning ELL-\u0395\u03b3\u03c7\u03b5\u03b9\u03c1\u03af\u03b4\u03b9\u03bf \u03c7\u03c1\u03ae\u03c3\u03b7\u03c2 \u03ba\u03b1\u03b9 \u03c3\u03c5\u03bd\u03c4\u03ae\u03c1\u03b7\u03c3\u03b7\u03c2 ENG-Use-and-Maintenance-Manual EST-Kasutus- ja hooldusjuhend FIN-K\u00e4ytt\u00f6- ja huolto-opas FRA-Manuel d\u2019Utilisation et d\u2019Entretien HRV-Priru\u010dnik za uporabu i odr\u017eavanje HUN-Haszn\u00e1lati \u00e9s karbantart\u00e1si \u00fatmutat\u00f3 NLD-Handleiding voor gebruik en onderhoud NOB-H\u00e5ndbok for bruk og &hellip; <a href=\"https:\/\/mobilvetta.it\/en\/user-and-maintenance\/\">Continued<\/a><\/p>\n","protected":false},"author":2,"featured_media":0,"parent":0,"menu_order":0,"comment_status":"closed","ping_status":"closed","template":"","meta":{"_acf_changed":false,"inline_featured_image":false,"footnotes":""},"class_list":["post-13091","page","type-page","status-publish","hentry"],"acf":[],"yoast_head":"<!-- This site is optimized with the Yoast SEO plugin v27.2 - https:\/\/yoast.com\/product\/yoast-seo-wordpress\/ -->\n<title>USER AND MAINTENANCE - Mobilvetta<\/title>\n<meta name=\"robots\" content=\"index, follow, max-snippet:-1, max-image-preview:large, max-video-preview:-1\" \/>\n<link rel=\"canonical\" href=\"https:\/\/mobilvetta.it\/en\/user-and-maintenance\/\" \/>\n<meta property=\"og:locale\" content=\"en_US\" \/>\n<meta property=\"og:type\" content=\"article\" \/>\n<meta property=\"og:title\" content=\"USER AND MAINTENANCE - Mobilvetta\" \/>\n<meta property=\"og:description\" content=\"Choose your language and download the manual for motorhome: BUL-\u0420\u044a\u043a\u043e\u0432\u043e\u0434\u0441\u0442\u0432\u043e \u0437\u0430 \u0443\u043f\u043e\u0442\u0440\u0435\u0431\u0430 \u0438 \u043f\u043e\u0434\u0434\u0440\u044a\u0436\u043a\u0430 CZE-N\u00e1vod k pou\u017eit\u00ed a \u00fadr\u017eb\u011b DAN-Brugs- og vedligeholdelsesvejledning ELL-\u0395\u03b3\u03c7\u03b5\u03b9\u03c1\u03af\u03b4\u03b9\u03bf \u03c7\u03c1\u03ae\u03c3\u03b7\u03c2 \u03ba\u03b1\u03b9 \u03c3\u03c5\u03bd\u03c4\u03ae\u03c1\u03b7\u03c3\u03b7\u03c2 ENG-Use-and-Maintenance-Manual EST-Kasutus- ja hooldusjuhend FIN-K\u00e4ytt\u00f6- ja huolto-opas FRA-Manuel d\u2019Utilisation et d\u2019Entretien HRV-Priru\u010dnik za uporabu i odr\u017eavanje HUN-Haszn\u00e1lati \u00e9s karbantart\u00e1si \u00fatmutat\u00f3 NLD-Handleiding voor gebruik en onderhoud NOB-H\u00e5ndbok for bruk og &hellip; Continued\" \/>\n<meta property=\"og:url\" content=\"https:\/\/mobilvetta.it\/en\/user-and-maintenance\/\" \/>\n<meta property=\"og:site_name\" content=\"Mobilvetta\" \/>\n<meta name=\"twitter:card\" content=\"summary_large_image\" \/>\n<meta name=\"twitter:label1\" content=\"Est. reading time\" \/>\n\t<meta name=\"twitter:data1\" content=\"1 minute\" \/>\n<script type=\"application\/ld+json\" class=\"yoast-schema-graph\">{\"@context\":\"https:\/\/schema.org\",\"@graph\":[{\"@type\":\"WebPage\",\"@id\":\"https:\/\/mobilvetta.it\/en\/user-and-maintenance\/\",\"url\":\"https:\/\/mobilvetta.it\/en\/user-and-maintenance\/\",\"name\":\"USER AND MAINTENANCE - Mobilvetta\",\"isPartOf\":{\"@id\":\"https:\/\/mobilvetta.it\/en\/#website\"},\"datePublished\":\"2025-11-14T08:52:29+00:00\",\"breadcrumb\":{\"@id\":\"https:\/\/mobilvetta.it\/en\/user-and-maintenance\/#breadcrumb\"},\"inLanguage\":\"en-US\",\"potentialAction\":[{\"@type\":\"ReadAction\",\"target\":[\"https:\/\/mobilvetta.it\/en\/user-and-maintenance\/\"]}]},{\"@type\":\"BreadcrumbList\",\"@id\":\"https:\/\/mobilvetta.it\/en\/user-and-maintenance\/#breadcrumb\",\"itemListElement\":[{\"@type\":\"ListItem\",\"position\":1,\"name\":\"Home\",\"item\":\"https:\/\/mobilvetta.it\/en\/\"},{\"@type\":\"ListItem\",\"position\":2,\"name\":\"USER AND MAINTENANCE\"}]},{\"@type\":\"WebSite\",\"@id\":\"https:\/\/mobilvetta.it\/en\/#website\",\"url\":\"https:\/\/mobilvetta.it\/en\/\",\"name\":\"Mobilvetta\",\"description\":\"\",\"potentialAction\":[{\"@type\":\"SearchAction\",\"target\":{\"@type\":\"EntryPoint\",\"urlTemplate\":\"https:\/\/mobilvetta.it\/en\/?s={search_term_string}\"},\"query-input\":{\"@type\":\"PropertyValueSpecification\",\"valueRequired\":true,\"valueName\":\"search_term_string\"}}],\"inLanguage\":\"en-US\"}]}<\/script>\n<!-- \/ Yoast SEO plugin. -->","yoast_head_json":{"title":"USER AND MAINTENANCE - Mobilvetta","robots":{"index":"index","follow":"follow","max-snippet":"max-snippet:-1","max-image-preview":"max-image-preview:large","max-video-preview":"max-video-preview:-1"},"canonical":"https:\/\/mobilvetta.it\/en\/user-and-maintenance\/","og_locale":"en_US","og_type":"article","og_title":"USER AND MAINTENANCE - Mobilvetta","og_description":"Choose your language and download the manual for motorhome: BUL-\u0420\u044a\u043a\u043e\u0432\u043e\u0434\u0441\u0442\u0432\u043e \u0437\u0430 \u0443\u043f\u043e\u0442\u0440\u0435\u0431\u0430 \u0438 \u043f\u043e\u0434\u0434\u0440\u044a\u0436\u043a\u0430 CZE-N\u00e1vod k pou\u017eit\u00ed a \u00fadr\u017eb\u011b DAN-Brugs- og vedligeholdelsesvejledning ELL-\u0395\u03b3\u03c7\u03b5\u03b9\u03c1\u03af\u03b4\u03b9\u03bf \u03c7\u03c1\u03ae\u03c3\u03b7\u03c2 \u03ba\u03b1\u03b9 \u03c3\u03c5\u03bd\u03c4\u03ae\u03c1\u03b7\u03c3\u03b7\u03c2 ENG-Use-and-Maintenance-Manual EST-Kasutus- ja hooldusjuhend FIN-K\u00e4ytt\u00f6- ja huolto-opas FRA-Manuel d\u2019Utilisation et d\u2019Entretien HRV-Priru\u010dnik za uporabu i odr\u017eavanje HUN-Haszn\u00e1lati \u00e9s karbantart\u00e1si \u00fatmutat\u00f3 NLD-Handleiding voor gebruik en onderhoud NOB-H\u00e5ndbok for bruk og &hellip; Continued","og_url":"https:\/\/mobilvetta.it\/en\/user-and-maintenance\/","og_site_name":"Mobilvetta","twitter_card":"summary_large_image","twitter_misc":{"Est. reading time":"1 minute"},"schema":{"@context":"https:\/\/schema.org","@graph":[{"@type":"WebPage","@id":"https:\/\/mobilvetta.it\/en\/user-and-maintenance\/","url":"https:\/\/mobilvetta.it\/en\/user-and-maintenance\/","name":"USER AND MAINTENANCE - Mobilvetta","isPartOf":{"@id":"https:\/\/mobilvetta.it\/en\/#website"},"datePublished":"2025-11-14T08:52:29+00:00","breadcrumb":{"@id":"https:\/\/mobilvetta.it\/en\/user-and-maintenance\/#breadcrumb"},"inLanguage":"en-US","potentialAction":[{"@type":"ReadAction","target":["https:\/\/mobilvetta.it\/en\/user-and-maintenance\/"]}]},{"@type":"BreadcrumbList","@id":"https:\/\/mobilvetta.it\/en\/user-and-maintenance\/#breadcrumb","itemListElement":[{"@type":"ListItem","position":1,"name":"Home","item":"https:\/\/mobilvetta.it\/en\/"},{"@type":"ListItem","position":2,"name":"USER AND MAINTENANCE"}]},{"@type":"WebSite","@id":"https:\/\/mobilvetta.it\/en\/#website","url":"https:\/\/mobilvetta.it\/en\/","name":"Mobilvetta","description":"","potentialAction":[{"@type":"SearchAction","target":{"@type":"EntryPoint","urlTemplate":"https:\/\/mobilvetta.it\/en\/?s={search_term_string}"},"query-input":{"@type":"PropertyValueSpecification","valueRequired":true,"valueName":"search_term_string"}}],"inLanguage":"en-US"}]}},"_links":{"self":[{"href":"https:\/\/mobilvetta.it\/en\/wp-json\/wp\/v2\/pages\/13091","targetHints":{"allow":["GET"]}}],"collection":[{"href":"https:\/\/mobilvetta.it\/en\/wp-json\/wp\/v2\/pages"}],"about":[{"href":"https:\/\/mobilvetta.it\/en\/wp-json\/wp\/v2\/types\/page"}],"author":[{"embeddable":true,"href":"https:\/\/mobilvetta.it\/en\/wp-json\/wp\/v2\/users\/2"}],"replies":[{"embeddable":true,"href":"https:\/\/mobilvetta.it\/en\/wp-json\/wp\/v2\/comments?post=13091"}],"version-history":[{"count":1,"href":"https:\/\/mobilvetta.it\/en\/wp-json\/wp\/v2\/pages\/13091\/revisions"}],"predecessor-version":[{"id":13177,"href":"https:\/\/mobilvetta.it\/en\/wp-json\/wp\/v2\/pages\/13091\/revisions\/13177"}],"wp:attachment":[{"href":"https:\/\/mobilvetta.it\/en\/wp-json\/wp\/v2\/media?parent=13091"}],"curies":[{"name":"wp","href":"https:\/\/api.w.org\/{rel}","templated":true}]}}