{"id":8725,"date":"2024-07-18T18:28:15","date_gmt":"2024-07-18T16:28:15","guid":{"rendered":"https:\/\/mobilvetta.it\/?page_id=8725"},"modified":"2025-07-14T12:31:59","modified_gmt":"2025-07-14T10:31:59","slug":"ausstattung-admiral","status":"publish","type":"page","link":"https:\/\/mobilvetta.it\/de\/ausstattung-admiral\/","title":{"rendered":"AUSSTATTUNG ADMIRAL"},"content":{"rendered":"<div class=\"table-responsive\"><table class=\"table\" style=\"width: 61.9782%;\" width=\"653\">\n<tbody>\n<tr>\n<td style=\"width: 69.6319%;\" width=\"462\"><\/td>\n<td style=\"width: 44.1718%; text-align: center;\" width=\"191\"><strong>ADMIRAL<\/strong><\/td>\n<\/tr>\n<tr>\n<td style=\"width: 69.6319%;\"><strong>FAHRGESTELL UND AUSSEN<\/strong><\/td>\n<td style=\"width: 44.1718%; text-align: center;\"><\/td>\n<\/tr>\n<tr>\n<td style=\"width: 69.6319%;\">Motor Fiat Ducato\u00a0 &#8211; Euro 6 E-bis<\/td>\n<td style=\"width: 44.1718%; text-align: center;\">140 PS<\/td>\n<\/tr>\n<tr>\n<td style=\"width: 69.6319%;\">Manuelle Klimaanlage<\/td>\n<td style=\"width: 44.1718%; text-align: center;\">Manual<\/td>\n<\/tr>\n<tr>\n<td style=\"width: 69.6319%;\">Elektrische Handbremse<\/td>\n<td style=\"width: 44.1718%; text-align: center;\">serienm\u00e4\u00dfig<\/td>\n<\/tr>\n<tr>\n<td style=\"width: 69.6319%;\">Traction + \/ Hill Descent<\/td>\n<td style=\"width: 44.1718%; text-align: center;\">serienm\u00e4\u00dfig \/ serienm\u00e4\u00dfig<\/td>\n<\/tr>\n<tr>\n<td style=\"width: 69.6319%;\">Tempomat<\/td>\n<td style=\"width: 44.1718%; text-align: center;\">serienm\u00e4\u00dfig<\/td>\n<\/tr>\n<tr>\n<td style=\"width: 69.6319%;\">16\u2019 Rad<\/td>\n<td style=\"width: 44.1718%; text-align: center;\">serienm\u00e4\u00dfig<\/td>\n<\/tr>\n<tr>\n<td style=\"width: 69.6319%;\">Leichtmetallfelgen<\/td>\n<td style=\"width: 44.1718%; text-align: center;\">schwarz<\/td>\n<\/tr>\n<tr>\n<td style=\"width: 69.6319%;\">Sto\u00dff\u00e4nger lackiert + Schwarzer K\u00fchlergrill<\/td>\n<td style=\"width: 44.1718%; text-align: center;\">serienm\u00e4\u00dfig<\/td>\n<\/tr>\n<tr>\n<td style=\"width: 69.6319%;\" width=\"462\">Schwarzer Unterfahrschutz und Scheinwerferumrandung In Schwarz<\/td>\n<td style=\"width: 44.1718%; text-align: center;\">serienm\u00e4\u00dfig<\/td>\n<\/tr>\n<tr>\n<td style=\"width: 69.6319%;\">Dieseltank<\/td>\n<td style=\"width: 44.1718%; text-align: center;\">90 l<\/td>\n<\/tr>\n<tr>\n<td style=\"width: 69.6319%;\">Nebelscheinwerfer mit Abbiegelicht<\/td>\n<td style=\"width: 44.1718%; text-align: center;\">serienm\u00e4\u00dfig<\/td>\n<\/tr>\n<tr>\n<td style=\"width: 69.6319%;\">TPMS &#8211; Reifendruckmessger\u00e4t<\/td>\n<td style=\"width: 44.1718%; text-align: center;\">serienm\u00e4\u00dfig<\/td>\n<\/tr>\n<tr>\n<td style=\"width: 69.6319%;\">Lenkrad und Schaltknauf Aus Leder<\/td>\n<td style=\"width: 44.1718%; text-align: center;\">serienm\u00e4\u00dfig<\/td>\n<\/tr>\n<tr>\n<td style=\"width: 69.6319%;\">Tekhno Armaturenbrett<\/td>\n<td style=\"width: 44.1718%; text-align: center;\">serienm\u00e4\u00dfig<\/td>\n<\/tr>\n<tr>\n<td style=\"width: 69.6319%;\">Lenkradbedienung<\/td>\n<td style=\"width: 44.1718%; text-align: center;\">serienm\u00e4\u00dfig<\/td>\n<\/tr>\n<tr>\n<td style=\"width: 69.6319%;\">Automotive Heckfenster<\/td>\n<td style=\"width: 44.1718%; text-align: center;\">serienm\u00e4\u00dfig<\/td>\n<\/tr>\n<tr>\n<td style=\"width: 69.6319%;\">Fenster auf der Fahrerseite<\/td>\n<td style=\"width: 44.1718%; text-align: center;\">serienm\u00e4\u00dfig<\/td>\n<\/tr>\n<tr>\n<td style=\"width: 69.6319%;\">Verdunkelungsrollo im Fahrerhaus<\/td>\n<td style=\"width: 44.1718%; text-align: center;\">serienm\u00e4\u00dfig<\/td>\n<\/tr>\n<tr>\n<td style=\"width: 69.6319%;\">Open Sky Panorama-Dachfenster (kann ge\u00f6ffnet werden)<\/td>\n<td style=\"width: 44.1718%; text-align: center;\">serienm\u00e4\u00dfig<\/td>\n<\/tr>\n<tr>\n<td style=\"width: 69.6319%;\">Fliegengitter f\u00fcr Aufbaut\u00fcr<\/td>\n<td style=\"width: 44.1718%; text-align: center;\">serienm\u00e4\u00dfig<\/td>\n<\/tr>\n<tr>\n<td style=\"width: 69.6319%;\">Elektrische Trittstufe<\/td>\n<td style=\"width: 44.1718%; text-align: center;\">serienm\u00e4\u00dfig<\/td>\n<\/tr>\n<tr>\n<td style=\"width: 69.6319%;\">Aussenbeleuchtung<\/td>\n<td style=\"width: 44.1718%; text-align: center;\">serienm\u00e4\u00dfig<\/td>\n<\/tr>\n<tr>\n<td style=\"width: 69.6319%;\">Fl\u00e4chenb\u00fcndige Fenster<\/td>\n<td style=\"width: 44.1718%; text-align: center;\">serienm\u00e4\u00dfig<\/td>\n<\/tr>\n<tr>\n<td style=\"width: 69.6319%;\">Steckdose<\/td>\n<td style=\"width: 44.1718%; text-align: center;\">serienm\u00e4\u00dfig<\/td>\n<\/tr>\n<tr>\n<td style=\"width: 69.6319%;\">Duschanschluss<\/td>\n<td style=\"width: 44.1718%; text-align: center;\">serienm\u00e4\u00dfig<\/td>\n<\/tr>\n<tr>\n<td style=\"width: 69.6319%;\"><strong>TECHNOLOGIE<\/strong><\/td>\n<td style=\"width: 44.1718%; text-align: center;\"><\/td>\n<\/tr>\n<tr>\n<td style=\"width: 69.6319%;\">Noise Reduction System<\/td>\n<td style=\"width: 44.1718%; text-align: center;\">serienm\u00e4\u00dfig<\/td>\n<\/tr>\n<tr>\n<td style=\"width: 69.6319%;\">Isolierte Abwassertanks<\/td>\n<td style=\"width: 44.1718%; text-align: center;\">serienm\u00e4\u00dfig<\/td>\n<\/tr>\n<tr>\n<td style=\"width: 69.6319%;\">Mit frostschutzsonde und thermostat<\/td>\n<td style=\"width: 44.1718%; text-align: center;\">serienm\u00e4\u00dfig<\/td>\n<\/tr>\n<tr>\n<td style=\"width: 69.6319%;\">i-NetX &#8211; Bedienfeld + App<\/td>\n<td style=\"width: 44.1718%; text-align: center;\">Option<\/td>\n<\/tr>\n<tr>\n<td style=\"width: 69.6319%;\"><strong>INNEN<\/strong><\/td>\n<td style=\"width: 44.1718%; text-align: center;\"><\/td>\n<\/tr>\n<tr>\n<td style=\"width: 69.6319%;\">Kompressor-K\u00fchlschrank<\/td>\n<td style=\"width: 44.1718%; text-align: center;\">84 l<\/td>\n<\/tr>\n<tr>\n<td style=\"width: 69.6319%;\">Soft touch<\/td>\n<td style=\"width: 44.1718%; text-align: center;\">Dach &#8211; W\u00e4nde<\/td>\n<\/tr>\n<tr>\n<td style=\"width: 69.6319%;\">USB-Anschluss<\/td>\n<td style=\"width: 44.1718%; text-align: center;\">serienm\u00e4\u00dfig<\/td>\n<\/tr>\n<tr>\n<td style=\"width: 69.6319%;\">Bodenluken am Boden<\/td>\n<td style=\"width: 44.1718%; text-align: center;\">1<\/td>\n<\/tr>\n<tr>\n<td style=\"width: 69.6319%;\">Gegossene Acrylsteinplatte, Integriertes Waschbecken<\/td>\n<td style=\"width: 44.1718%; text-align: center;\">serienm\u00e4\u00dfig<\/td>\n<\/tr>\n<tr>\n<td style=\"width: 69.6319%;\">Aufklappbarer Tisch mit Verl\u00e4ngerung<\/td>\n<td style=\"width: 44.1718%; text-align: center;\">serienm\u00e4\u00dfig<\/td>\n<\/tr>\n<tr>\n<td style=\"width: 69.6319%;\">Matratze memory foam<\/td>\n<td style=\"width: 44.1718%; text-align: center;\">serienm\u00e4\u00dfig<\/td>\n<\/tr>\n<tr>\n<td style=\"width: 69.6319%;\">3D Tellerlattenrost<\/td>\n<td style=\"width: 44.1718%; text-align: center;\">serienm\u00e4\u00dfig<\/td>\n<\/tr>\n<tr>\n<td style=\"width: 69.6319%;\">Lautsprecher<\/td>\n<td style=\"width: 44.1718%; text-align: center;\">serienm\u00e4\u00dfig<\/td>\n<\/tr>\n<tr>\n<td style=\"width: 69.6319%;\" width=\"462\">Maximale F\u00fcllmengen: Frischwassertank w\u00e4hrend der Fahrt \/ Frischwassertank im geparkten Zustand \/ Abwassertank (Liter)<\/td>\n<td style=\"width: 44.1718%; text-align: center;\">20 \/ 85 \/ 75<\/td>\n<\/tr>\n<tr>\n<td style=\"width: 69.6319%;\" width=\"462\">Gasflaschen (max. kg)*<\/td>\n<td style=\"width: 44.1718%; text-align: center;\">2&#215;5<\/td>\n<\/tr>\n<tr>\n<td style=\"width: 69.6319%;\"><strong>GARAGE<\/strong><\/td>\n<td style=\"width: 44.1718%; text-align: center;\"><\/td>\n<\/tr>\n<tr>\n<td style=\"width: 69.6319%;\">Auskleidung mit rutschfestem Aluminiumblech und Auffahrrampe<\/td>\n<td style=\"width: 44.1718%; text-align: center;\">JA (K6,5)<\/td>\n<\/tr>\n<tr>\n<td style=\"width: 69.6319%;\"><\/td>\n<td style=\"width: 44.1718%; text-align: center;\"><\/td>\n<\/tr>\n<tr>\n<td style=\"width: 69.6319%;\" width=\"462\">* Aufgrund der unterschiedlichen Gr\u00f6\u00dfen der Gasflaschen in verschiedenen L\u00e4ndern, kann die maximale Kapazit\u00e4t entsprechend reduziert sein<\/td>\n<td style=\"width: 44.1718%; text-align: center;\"><\/td>\n<\/tr>\n<\/tbody>\n<\/table><\/div>\n","protected":false},"excerpt":{"rendered":"<p>ADMIRAL FAHRGESTELL UND AUSSEN Motor Fiat Ducato\u00a0 &#8211; Euro 6 E-bis 140 PS Manuelle Klimaanlage Manual Elektrische Handbremse serienm\u00e4\u00dfig Traction + \/ Hill Descent serienm\u00e4\u00dfig \/ serienm\u00e4\u00dfig Tempomat serienm\u00e4\u00dfig 16\u2019 Rad serienm\u00e4\u00dfig Leichtmetallfelgen schwarz Sto\u00dff\u00e4nger lackiert + Schwarzer K\u00fchlergrill serienm\u00e4\u00dfig Schwarzer Unterfahrschutz und Scheinwerferumrandung In Schwarz serienm\u00e4\u00dfig Dieseltank 90 l Nebelscheinwerfer mit Abbiegelicht serienm\u00e4\u00dfig TPMS &hellip; <a href=\"https:\/\/mobilvetta.it\/de\/ausstattung-admiral\/\">Continued<\/a><\/p>\n","protected":false},"author":2,"featured_media":0,"parent":0,"menu_order":0,"comment_status":"closed","ping_status":"closed","template":"","meta":{"_acf_changed":false,"inline_featured_image":false,"footnotes":""},"class_list":["post-8725","page","type-page","status-publish","hentry"],"acf":[],"yoast_head":"<!-- This site is optimized with the Yoast SEO plugin v27.2 - https:\/\/yoast.com\/product\/yoast-seo-wordpress\/ -->\n<title>AUSSTATTUNG ADMIRAL - Mobilvetta<\/title>\n<meta name=\"robots\" content=\"index, follow, max-snippet:-1, max-image-preview:large, max-video-preview:-1\" \/>\n<link rel=\"canonical\" href=\"https:\/\/mobilvetta.it\/de\/ausstattung-admiral\/\" \/>\n<meta property=\"og:locale\" content=\"de_DE\" \/>\n<meta property=\"og:type\" content=\"article\" \/>\n<meta property=\"og:title\" content=\"AUSSTATTUNG ADMIRAL - Mobilvetta\" \/>\n<meta property=\"og:description\" content=\"ADMIRAL FAHRGESTELL UND AUSSEN Motor Fiat Ducato\u00a0 &#8211; Euro 6 E-bis 140 PS Manuelle Klimaanlage Manual Elektrische Handbremse serienm\u00e4\u00dfig Traction + \/ Hill Descent serienm\u00e4\u00dfig \/ serienm\u00e4\u00dfig Tempomat serienm\u00e4\u00dfig 16\u2019 Rad serienm\u00e4\u00dfig Leichtmetallfelgen schwarz Sto\u00dff\u00e4nger lackiert + Schwarzer K\u00fchlergrill serienm\u00e4\u00dfig Schwarzer Unterfahrschutz und Scheinwerferumrandung In Schwarz serienm\u00e4\u00dfig Dieseltank 90 l Nebelscheinwerfer mit Abbiegelicht serienm\u00e4\u00dfig TPMS &hellip; Continued\" \/>\n<meta property=\"og:url\" content=\"https:\/\/mobilvetta.it\/de\/ausstattung-admiral\/\" \/>\n<meta property=\"og:site_name\" content=\"Mobilvetta\" \/>\n<meta property=\"article:modified_time\" content=\"2025-07-14T10:31:59+00:00\" \/>\n<meta name=\"twitter:card\" content=\"summary_large_image\" \/>\n<meta name=\"twitter:label1\" content=\"Gesch\u00e4tzte Lesezeit\" \/>\n\t<meta name=\"twitter:data1\" content=\"2\u00a0Minuten\" \/>\n<script type=\"application\/ld+json\" class=\"yoast-schema-graph\">{\"@context\":\"https:\/\/schema.org\",\"@graph\":[{\"@type\":\"WebPage\",\"@id\":\"https:\/\/mobilvetta.it\/de\/ausstattung-admiral\/\",\"url\":\"https:\/\/mobilvetta.it\/de\/ausstattung-admiral\/\",\"name\":\"AUSSTATTUNG ADMIRAL - Mobilvetta\",\"isPartOf\":{\"@id\":\"https:\/\/mobilvetta.it\/de\/#website\"},\"datePublished\":\"2024-07-18T16:28:15+00:00\",\"dateModified\":\"2025-07-14T10:31:59+00:00\",\"breadcrumb\":{\"@id\":\"https:\/\/mobilvetta.it\/de\/ausstattung-admiral\/#breadcrumb\"},\"inLanguage\":\"de\",\"potentialAction\":[{\"@type\":\"ReadAction\",\"target\":[\"https:\/\/mobilvetta.it\/de\/ausstattung-admiral\/\"]}]},{\"@type\":\"BreadcrumbList\",\"@id\":\"https:\/\/mobilvetta.it\/de\/ausstattung-admiral\/#breadcrumb\",\"itemListElement\":[{\"@type\":\"ListItem\",\"position\":1,\"name\":\"Home\",\"item\":\"https:\/\/mobilvetta.it\/de\/\"},{\"@type\":\"ListItem\",\"position\":2,\"name\":\"AUSSTATTUNG ADMIRAL\"}]},{\"@type\":\"WebSite\",\"@id\":\"https:\/\/mobilvetta.it\/de\/#website\",\"url\":\"https:\/\/mobilvetta.it\/de\/\",\"name\":\"Mobilvetta\",\"description\":\"\",\"potentialAction\":[{\"@type\":\"SearchAction\",\"target\":{\"@type\":\"EntryPoint\",\"urlTemplate\":\"https:\/\/mobilvetta.it\/de\/?s={search_term_string}\"},\"query-input\":{\"@type\":\"PropertyValueSpecification\",\"valueRequired\":true,\"valueName\":\"search_term_string\"}}],\"inLanguage\":\"de\"}]}<\/script>\n<!-- \/ Yoast SEO plugin. -->","yoast_head_json":{"title":"AUSSTATTUNG ADMIRAL - Mobilvetta","robots":{"index":"index","follow":"follow","max-snippet":"max-snippet:-1","max-image-preview":"max-image-preview:large","max-video-preview":"max-video-preview:-1"},"canonical":"https:\/\/mobilvetta.it\/de\/ausstattung-admiral\/","og_locale":"de_DE","og_type":"article","og_title":"AUSSTATTUNG ADMIRAL - Mobilvetta","og_description":"ADMIRAL FAHRGESTELL UND AUSSEN Motor Fiat Ducato\u00a0 &#8211; Euro 6 E-bis 140 PS Manuelle Klimaanlage Manual Elektrische Handbremse serienm\u00e4\u00dfig Traction + \/ Hill Descent serienm\u00e4\u00dfig \/ serienm\u00e4\u00dfig Tempomat serienm\u00e4\u00dfig 16\u2019 Rad serienm\u00e4\u00dfig Leichtmetallfelgen schwarz Sto\u00dff\u00e4nger lackiert + Schwarzer K\u00fchlergrill serienm\u00e4\u00dfig Schwarzer Unterfahrschutz und Scheinwerferumrandung In Schwarz serienm\u00e4\u00dfig Dieseltank 90 l Nebelscheinwerfer mit Abbiegelicht serienm\u00e4\u00dfig TPMS &hellip; Continued","og_url":"https:\/\/mobilvetta.it\/de\/ausstattung-admiral\/","og_site_name":"Mobilvetta","article_modified_time":"2025-07-14T10:31:59+00:00","twitter_card":"summary_large_image","twitter_misc":{"Gesch\u00e4tzte Lesezeit":"2\u00a0Minuten"},"schema":{"@context":"https:\/\/schema.org","@graph":[{"@type":"WebPage","@id":"https:\/\/mobilvetta.it\/de\/ausstattung-admiral\/","url":"https:\/\/mobilvetta.it\/de\/ausstattung-admiral\/","name":"AUSSTATTUNG ADMIRAL - Mobilvetta","isPartOf":{"@id":"https:\/\/mobilvetta.it\/de\/#website"},"datePublished":"2024-07-18T16:28:15+00:00","dateModified":"2025-07-14T10:31:59+00:00","breadcrumb":{"@id":"https:\/\/mobilvetta.it\/de\/ausstattung-admiral\/#breadcrumb"},"inLanguage":"de","potentialAction":[{"@type":"ReadAction","target":["https:\/\/mobilvetta.it\/de\/ausstattung-admiral\/"]}]},{"@type":"BreadcrumbList","@id":"https:\/\/mobilvetta.it\/de\/ausstattung-admiral\/#breadcrumb","itemListElement":[{"@type":"ListItem","position":1,"name":"Home","item":"https:\/\/mobilvetta.it\/de\/"},{"@type":"ListItem","position":2,"name":"AUSSTATTUNG ADMIRAL"}]},{"@type":"WebSite","@id":"https:\/\/mobilvetta.it\/de\/#website","url":"https:\/\/mobilvetta.it\/de\/","name":"Mobilvetta","description":"","potentialAction":[{"@type":"SearchAction","target":{"@type":"EntryPoint","urlTemplate":"https:\/\/mobilvetta.it\/de\/?s={search_term_string}"},"query-input":{"@type":"PropertyValueSpecification","valueRequired":true,"valueName":"search_term_string"}}],"inLanguage":"de"}]}},"_links":{"self":[{"href":"https:\/\/mobilvetta.it\/de\/wp-json\/wp\/v2\/pages\/8725","targetHints":{"allow":["GET"]}}],"collection":[{"href":"https:\/\/mobilvetta.it\/de\/wp-json\/wp\/v2\/pages"}],"about":[{"href":"https:\/\/mobilvetta.it\/de\/wp-json\/wp\/v2\/types\/page"}],"author":[{"embeddable":true,"href":"https:\/\/mobilvetta.it\/de\/wp-json\/wp\/v2\/users\/2"}],"replies":[{"embeddable":true,"href":"https:\/\/mobilvetta.it\/de\/wp-json\/wp\/v2\/comments?post=8725"}],"version-history":[{"count":3,"href":"https:\/\/mobilvetta.it\/de\/wp-json\/wp\/v2\/pages\/8725\/revisions"}],"predecessor-version":[{"id":12162,"href":"https:\/\/mobilvetta.it\/de\/wp-json\/wp\/v2\/pages\/8725\/revisions\/12162"}],"wp:attachment":[{"href":"https:\/\/mobilvetta.it\/de\/wp-json\/wp\/v2\/media?parent=8725"}],"curies":[{"name":"wp","href":"https:\/\/api.w.org\/{rel}","templated":true}]}}