{"id":7359,"date":"2024-07-04T10:45:51","date_gmt":"2024-07-04T08:45:51","guid":{"rendered":"https:\/\/mobilvetta.it\/?page_id=7359"},"modified":"2024-07-10T11:44:42","modified_gmt":"2024-07-10T09:44:42","slug":"cookie-richtlinie","status":"publish","type":"page","link":"https:\/\/mobilvetta.it\/de\/cookie-richtlinie\/","title":{"rendered":"Cookie-Richtlinie"},"content":{"rendered":"<p>Diese Cookie Policy gilt f\u00fcr die Verwendung von Cookies durch die Website\u00a0<strong><a href=\"http:\/\/www.mobilvetta.it\/\">www.mobilvetta.it<\/a><\/strong><\/p>\n<p>F\u00fcr die Privacy Policy der Website<a href=\"https:\/\/www.mobilvetta.it\/DE-de\/Pagina\/Index\/74\/Privacy-Policy-E-Cookies\">\u00a0<strong><u>hier klicken.<\/u><\/strong><\/a><\/p>\n<p>Cookies sind kleine Textdateien, die von den Websites f\u00fcr eine bessere Benutzerfreundlichkeit verwendet werden k\u00f6nnen. Sie werden an seinen Browser gesendet, wo sie gespeichert und daraufhin beim n\u00e4chsten Besuch der Website wieder zu dieser \u00fcbertragen werden. Cookies haben unterschiedliche Funktionen.<\/p>\n<p>Cookies dienen dazu, die Funktionalit\u00e4t und Navigation dieser Website zu verbessern.<\/p>\n<p>In anderen F\u00e4llen werden Cookies hingegen verwendet, um die Benutzer w\u00e4hrend der Navigation zu verfolgen; sie registrieren Informationen dazu, was der Benutzer kauft oder kaufen m\u00f6chte. Hier werden seine Vorlieben und Hobbys analysiert, um die Werbung, die ihm beim \u00d6ffnen seines E-Mail-Accounts oder beim Surfen in einem sozialen Netzwerk angezeigt wird, entsprechend anzupassen.\u00a0 Cookies werden eingesetzt, um Inhalte zu personalisieren, Social-Media-Funktionen bereitzustellen und den Datenverkehr zu analysieren.<\/p>\n<p>Der Benutzer kann in seinem Browser die Privacy-Pr\u00e4ferenzen so einstellen, dass Cookies nicht gespeichert werden, nach jedem Besuch oder beim Schlie\u00dfen des Browsers gel\u00f6scht werden oder aber nur die Cookies von\u00a0<strong><a href=\"http:\/\/www.elnagh.com\/\">www.mobilvetta.it<\/a><\/strong>\u00a0und nicht jene von Drittanbietern akzeptiert werden.<\/p>\n<p>Wir haben zwei Arten von Cookies:<\/p>\n<p>Sitzungscookies sind tempor\u00e4re Cookies, die so lange auf dem Ger\u00e4t bleiben, bis der Benutzer die Website verl\u00e4sst.<\/p>\n<p>Dauerhafte Cookies sind Cookies, die f\u00fcr l\u00e4ngere Zeit oder so lange auf dem Ger\u00e4t verbleiben, bis sie gel\u00f6scht werden.<\/p>\n<p>Diese Website verwendet verschiedene Arten von Cookies.<\/p>\n<p><strong>Technische Cookies<\/strong><\/p>\n<p>Technische Cookies sind solche, f\u00fcr deren Verwendung die Zustimmung des Benutzers nicht ben\u00f6tigt wird.<\/p>\n<p>Die technischen Cookies werden ausschlie\u00dflich dazu verwendet, dem Benutzer die Navigation auf der Website zu erm\u00f6glichen sowie ihm die Nutzung ihrer Funktionen bereitzustellen. Dabei handelt es sich immer um Cookies von Erstanbietern, da sie direkt vom Betreiber zur Website \u00fcbermittelt werden. Bei Navigationscookies handelt es sich in der Regel um Sitzungscookies; sie werden daher automatisch deaktiviert, wenn der f\u00fcr die Navigation verwendete Browser geschlossen wird. Andere technische Cookies sind n\u00fctzlich, um einige Pr\u00e4ferenzen des Benutzers zu speichern, ohne sie bei sp\u00e4teren Besuchen neu eingeben zu m\u00fcssen (sog. Funktionalit\u00e4tscookies). Aus diesem Grund sind die Funktionalit\u00e4tscookies h\u00e4ufig dauerhafte Cookies, da sie auch nach dem Schlie\u00dfen des f\u00fcr die Navigation verwendeten Browsers bis zu ihrem vorgesehenen Ablaufdatum bzw. so lange auf dem Computer gespeichert bleiben, bis der Benutzer sich entscheidet, sie zu l\u00f6schen.<\/p>\n<p><strong>Cookies von Drittanbietern<\/strong><\/p>\n<p>Diese Cookies werden verwendet, um in anonymer Form Informationen \u00fcber die Nutzung der Website seitens des Benutzers zu sammeln, z. B.: besuchte Seiten, Verweilzeit, Urspr\u00fcnge des Herkunft-Datenverkehrs, geographische Herkunft, Alter, Geschlecht und Interessen f\u00fcr statistische Zwecke und Marketingkampagnen. Diese Cookies werden von Domains von Drittanbietern au\u00dferhalb der Website verwendet.<\/p>\n<h3 class=\"tw-data-text tw-text-large tw-ta\" dir=\"ltr\" data-placeholder=\"Traduzione\"><span class=\"Y2IQFc\" lang=\"de\">KONTAKT-WERKZEUGE<\/span><\/h3>\n<p><strong>HubSpot (HubSpot Ireland Limited)<\/strong><\/p>\n<p id=\"tw-target-text\" class=\"tw-data-text tw-text-large tw-ta\" dir=\"ltr\" data-placeholder=\"Traduzione\"><span class=\"Y2IQFc\" lang=\"de\">F\u00fcr weitere Informationen folgen Sie einfach diesem Link:<\/span><\/p>\n<p><a href=\"https:\/\/legal.hubspot.com\/cookie-policy\"><strong>https:\/\/legal.hubspot.com\/cookie-policy<\/strong><\/a><\/p>\n<p>&nbsp;<\/p>\n<p><strong>Newsletter<\/strong><\/p>\n<p>Diese Website nutzt den Dienst<\/p>\n<p><strong>Amazon Simple Email Service<\/strong><\/p>\n<p>F\u00fcr weitere Informationen folgenden Link anklicken:<strong><br \/>\n<a href=\"https:\/\/d1.awsstatic.com\/legal\/privacypolicy\/AWS_Privacy_Notice_Italian_2020-08-15.pdf\">https:\/\/d1.awsstatic.com\/legal\/privacypolicy\/AWS_Privacy_Notice_Italian_2020-08-15.pdf<\/a><\/strong><\/p>\n<p><strong><br \/>\nSTATISTIK\u00a0\u00a0<\/strong><\/p>\n<p><strong>1. Google Analytics\u00a0<\/strong><\/p>\n<p>Google Analytics verwendet Cookies, um Informationen \u00fcber die Anzahl der Benutzer und deren Besuchsverhalten auf dieser Website in zusammengefasster Form zu sammeln. Diese Website verwendet den von Google Ireland Limited angebotenen Google-Analytics-Dienst mit anonymisierter IP, dessen jeweilige Cookies daher von Drittanbietern stammen, um die auf der Website ausgef\u00fchrten Aktivit\u00e4ten statistisch zu \u00fcberwachen. Google Analytics verwendet Cookies, die keine personenbezogenen Daten speichern.<\/p>\n<p>F\u00fcr weitere Informationen zu Google Analytics besuchen Sie bitte die Websites:<\/p>\n<p><a href=\"https:\/\/www.google.it\/policies\/privacy\/partners\/\"><strong>https:\/\/www.google.it\/policies\/privacy\/partners\/<\/strong><\/a><\/p>\n<p><a href=\"https:\/\/developers.google.com\/analytics\/devguides\/collection\/analyticsjs\/cookie-usage\"><strong>https:\/\/developers.google.com\/analytics\/devguides\/collection\/analyticsjs\/cookie-usage<\/strong><\/a><\/p>\n<p>Die T\u00e4tigkeit von Google Analytics kann mit folgendem Opt-out deaktiviert werden:\u00a0<a href=\"https:\/\/tools.google.com\/dlpage\/gaoptout\"><strong>https:\/\/tools.google.com\/dlpage\/gaoptout<\/strong><\/a><\/p>\n<p><strong>2. \u00dcberwachung der Facebook-Pixel-Konversion (Meta Platforms, Inc.)<br \/>\n<\/strong>Diese Website nutzt den von Meta Platforms, Inc. angebotenen Conversion-Tracking-Service, dessen Cookies daher von Dritten stammen, f\u00fcr die statistische Verfolgung der Aktivit\u00e4ten auf der Website. F\u00fcr weitere Informationen folgenden Link anklicken:\u00a0<strong><u><a href=\"https:\/\/www.facebook.com\/policies\/cookies\/\">https:\/\/www.facebook.com\/policies\/cookies\/<\/a><\/u><\/strong><\/p>\n<p><strong>3. Google Search Console (Google Ireland Limited)<br \/>\n<\/strong>F\u00fcr weitere Informationen folgenden Link anklicken:\u00a0<strong><a href=\"https:\/\/policies.google.com\/privacy?hl=it\">https:\/\/policies.google.com\/privacy?hl=it<\/a><\/strong><\/p>\n<p id=\"tw-target-text\" class=\"tw-data-text tw-text-large tw-ta\" dir=\"ltr\" data-placeholder=\"Traduzione\"><strong><span class=\"Y2IQFc\" lang=\"de\"><br \/>\nTag-Verwaltung<\/span><\/strong><\/p>\n<p>&nbsp;<\/p>\n<p><strong>Google Tag manager (Google Ireland Limited)<\/strong><\/p>\n<p>Diese Website nutzt den von Google Ireland Limited angebotenen Tag-Management-Dienst. F\u00fcr weitere Informationen folgenden Link anklicken:\u00a0<a href=\"https:\/\/policies.google.com\/technologies\/cookies?hl=it\">https:\/\/policies.google.com\/technologies\/cookies?hl=it<\/a><strong><br \/>\n<\/strong><\/p>\n<p>&nbsp;<\/p>\n<p id=\"tw-target-text\" class=\"tw-data-text tw-text-large tw-ta\" dir=\"ltr\" data-placeholder=\"Traduzione\"><strong><span class=\"Y2IQFc\" lang=\"de\">Schaltfl\u00e4chen f\u00fcr soziale Netzwerke<\/span><\/strong><\/p>\n<p>1<strong>. Facebook<\/strong><\/p>\n<p>F\u00fcr weitere Informationen folgenden Link anklicken:<strong>\u00a0<a href=\"https:\/\/www.facebook.com\/policies\/cookies\/\">https:\/\/www.facebook.com\/policies\/cookies\/<\/a><\/strong><\/p>\n<p>2<strong>. Instagram<\/strong><\/p>\n<p>F\u00fcr weitere Informationen folgenden Link anklicken:\u00a0<a href=\"https:\/\/help.instagram.com\/1896641480634370\"><strong>https:\/\/help.instagram.com\/1896641480634370<\/strong><\/a><\/p>\n<p>3.\u00a0<strong>Youtube<\/strong><\/p>\n<p>F\u00fcr weitere Informationen folgenden Link anklicken:\u00a0<strong><a href=\"https:\/\/policies.google.com\/technologies\/cookies?hl=it\">https:\/\/policies.google.com\/technologies\/cookies?hl=it<\/a><\/strong><\/p>\n<p><strong><br \/>\nINHALTE AUF EXTERNEN PLATTFORMEN<\/strong><\/p>\n<p>&nbsp;<\/p>\n<p>1.<strong>\u00a0Google Maps<\/strong><\/p>\n<p>F\u00fcr weitere Informationen folgenden Link anklicken:\u00a0<a href=\"https:\/\/policies.google.com\/technologies\/types?hl=it\"><strong>https:\/\/policies.google.com\/technologies\/types?hl=it<\/strong><\/a><\/p>\n<p>2.\u00a0<strong>Youtube<br \/>\n<\/strong>F\u00fcr weitere Informationen folgenden Link anklicken:\u00a0<strong><a href=\"https:\/\/policies.google.com\/technologies\/cookies?hl=it\">https:\/\/policies.google.com\/technologies\/cookies?hl=it<\/a><\/strong><\/p>\n<p>&nbsp;<\/p>\n<p>&nbsp;<\/p>\n<p><strong>Profiling Cookies<\/strong><\/p>\n<p>Profiling Cookies werden verwendet, um ein Profil des Benutzers zu erstellen, das auf den Pr\u00e4ferenzen und Vorlieben basiert, die dieser bei der Navigation im Internet bekundet hat, sowie um ihm mit seinem Profil \u00fcbereinstimmende Werbebotschaften anzuzeigen. So k\u00f6nnen die Werbebotschaften, welche der Benutzer auf dieser Website sieht, f\u00fcr ihn noch interessanter sein. Gem\u00e4\u00df der geltenden Datenschutzverordnung ist f\u00fcr die Installation solcher Cookies die vorherige Zustimmung erforderlich.<\/p>\n<p><strong>1) Facebook-Pixel<\/strong><\/p>\n<p>Pixel von Facebook wird f\u00fcr \u201eRemarketing\u201c- und \u201eRetargeting\u201c-Aktivit\u00e4ten eingesetzt; dank dieser Aktivit\u00e4ten werden die Cookies verwendet, welche der Benutzer auf der Website hinterl\u00e4sst, ohne identifiziert zu werden.<\/p>\n<p>Um die Werbung zu \u00fcberpr\u00fcfen und zu deaktivieren, den folgenden Link verwenden:\u00a0<a href=\"https:\/\/www.facebook.com\/policies\/cookies\/\"><strong>https:\/\/www.facebook.com\/policies\/cookies\/<\/strong><\/a><strong>\u00a0e\u00a0<\/strong><strong><a href=\"https:\/\/www.facebook.com\/ads\/settings\">https:\/\/www.facebook.com\/ads\/settings<\/a><\/strong><\/p>\n<p><strong>2) Google ADS (Google<\/strong>\u00a0<strong>Ireland Limited)<\/strong><\/p>\n<p>Google ADS ist ein von Google Ireland Limited bereitgestellter Dienst, der diese Website mit dem Google-Werbenetzwerk verbindet. Unsere Website nutzt die Remarketing-Funktionen von Google Analytics in Verbindung mit der M\u00f6glichkeit zur Anpassung an verschiedene Ger\u00e4te von Google ADS.<\/p>\n<p>Anhand dieser Funktion k\u00f6nnen die Zielgruppen f\u00fcr die Werbekampagnen, welche von der Marketingfunktion von Google Analytics erstellt wurden, mit der Anpassungsf\u00e4higkeit an verschiedene Ger\u00e4te von Google ADS verbunden werden. So ist es m\u00f6glich, Werbung zu schalten, die auf den pers\u00f6nlichen Interessen des Benutzers beruht und durch eine Analyse seines Verhaltens im Web, sei es auf Mobilger\u00e4ten oder auch auf anderen Ger\u00e4ten, erkannt wurden. Die Targeting- und Remarketing-Funktionen k\u00f6nnen dauerhaft deaktiviert werden, indem die Funktion \u201ePersonalisierte Werbung\u201c im Google-Konto deaktiviert wird. Hierzu einfach den folgenden Link verwenden:\u00a0<a href=\"https:\/\/www.google.com\/settings\/ads\/onweb\/\"><strong>https:\/\/www.google.com\/settings\/ads\/onweb\/<\/strong><\/a><\/p>\n<p>&nbsp;<\/p>\n<p><strong>3. Instagram Ads<br \/>\n<\/strong>Diese Website nutzt das Pixel-Tool, um Konversionen zu messen und die Aktionen zu verstehen, die Besucher auf der Website durchf\u00fchren.\u00a0F\u00fcr weitere Informationen folgenden Link anklicken:\u00a0<a href=\"https:\/\/help.instagram.com\/519522125107875\">https:\/\/help.instagram.com\/519522125107875<\/a><\/p>\n<p>&nbsp;<\/p>\n<p><strong>L\u00f6schen oder Deaktivieren von Cookies<\/strong><br \/>\nMit Ausnahme der technischen Cookies, die f\u00fcr die normale Navigation zwingend erforderlich sind, unterliegt die Bereitstellung der Daten dem Willen des Benutzers, welcher sich zum einen entscheidet, auf der Website zu navigieren, nachdem er die kurze Erkl\u00e4rung im entsprechenden Banner gelesen hat, und zum anderen die Dienste von Drittanbietern in Anspruch zu nehmen, f\u00fcr die eine Installation von Cookies erforderlich ist.\u00a0Der Nutzer kann daher die Installation von Cookies verhindern, indem er das Banner beibeh\u00e4lt oder die entsprechenden Funktionen seines Browsers oder dieser Richtlinie nutzt.<br \/>\nDer Benutzer kann die auf die Cookies bezogenen Pr\u00e4ferenzen direkt in seinem Browser verwalten und deren Installation durch Dritte verhindern.<br \/>\nDer Benutzer muss sich dar\u00fcber im Klaren sein, dass durch die Deaktivierung aller Cookies die korrekte Funktion dieser Website beeintr\u00e4chtigt sein k\u00f6nnte.<br \/>\nJeder Browser hat unterschiedliche Prozeduren zur Verwaltung der Einstellungen.<\/p>\n<p>Der Benutzer kann \u00fcber die folgenden Links entsprechende Anweisungen erhalten.<br \/>\nL\u00f6schen\/Deaktivieren der Android-Cookies unter der folgenden Adresse:<br \/>\n<a href=\"https:\/\/support.google.com\/chrome\/answer\/2392971?hl=it-IT\"><strong>https:\/\/support.google.com\/chrome\/answer\/2392971?hl=it-IT<\/strong><\/a><\/p>\n<p>L\u00f6schen\/Deaktivieren der Cookies von Mozilla Firefox unter der folgenden Adresse:<br \/>\n<a href=\"http:\/\/support.mozilla.com\/it\/kb\/Eliminare%20i%20cookie\"><strong>http:\/\/support.mozilla.com\/it\/kb\/Eliminare%20i%20cookie<\/strong><\/a><br \/>\nL\u00f6schen\/Deaktivieren der Cookies mit Explorer unter der folgenden Adresse:<br \/>\n<a href=\"http:\/\/windows.microsoft.com\/it-IT\/windows-vista\/Delete-your-Internet-cookies\"><strong>http:\/\/windows.microsoft.com\/it-IT\/windows-vista\/Delete-your-Internet-cookies<\/strong><\/a><br \/>\nL\u00f6schen\/Deaktivieren der Cookies mit Chrome unter der folgenden Adresse:<br \/>\n<a href=\"http:\/\/support.google.com\/chrome\/bin\/answer.py?hl=it&amp;answer=95647\"><strong>http:\/\/support.google.com\/chrome\/bin\/answer.py?hl=it&amp;answer=95647<\/strong><\/a><br \/>\nL\u00f6schen\/Deaktivieren der Cookies mit Safari unter der folgenden Adresse:<br \/>\n<a href=\"http:\/\/support.apple.com\/kb\/PH5042\"><strong>http:\/\/support.apple.com\/kb\/PH5042<\/strong><\/a><br \/>\nL\u00f6schen\/Deaktivieren der Cookies mit Opera unter der folgenden Adresse:<br \/>\n<a href=\"http:\/\/www.opera.com\/browser\/tutorials\/security\/privacy\/\"><strong>http:\/\/www.opera.com\/browser\/tutorials\/security\/privacy\/<\/strong><\/a><br \/>\nL\u00f6schen\/Deaktivieren der iOS-Cookies unter der folgenden Adresse:<br \/>\n<a href=\"https:\/\/support.apple.com\/it-it\/HT201265\"><strong>https:\/\/support.apple.com\/it-it\/HT201265<\/strong><\/a><\/p>\n<p><strong>\u00a0<\/strong><\/p>\n<p>Zum Deaktivieren der Cookies von Drittanbietern kann au\u00dferdem\u00a0<strong>Your Online Choices<\/strong>\u00a0<a href=\"http:\/\/www.youronlinechoices.com\/it\/le-tue-scelte\"><strong>http:\/\/www.youronlinechoices.com\/it\/le-tue-scelte<\/strong><\/a>\u00a0genutzt werden; ein Webdienst, der vom gemeinn\u00fctzigen Verein European Interactive Digital Advertising Alliance (EDAA) verwaltet wird. Dieser stellt Informationen zu verhaltensorientierter Werbung auf der Grundlage von Profiling Cookies bereit und erm\u00f6glicht es den Benutzern, deren Installation auf einfache Weise zu verweigern (Opt-out). Durch das L\u00f6schen aller Cookies vom eigenen Browser oder deren Entfernen durch Dienste wie Your Online Choices werden diese, sofern von Drittanbietern, im Allgemeinen und nicht nur im Umfang dieser Website unterbunden.<\/p>\n<p><strong>Weitere Informationen zur Datenverarbeitung<br \/>\n<\/strong><br \/>\nAuf Verlangen des Benutzers k\u00f6nnte diese Webseite als Erg\u00e4nzung zu den in dieser Cookie Policy enthaltenen Informationen zus\u00e4tzliche und kontextbezogene Informationen \u00fcber spezifische Dienste oder die Erhebung und Verarbeitung von personenbezogenen Daten bereitstellen.<br \/>\nF\u00fcr Anforderungen im Zusammenhang mit der korrekten Funktionsweise und Wartung k\u00f6nnten diese Webseite sowie etwaige, von derselben genutzte Dienste Dritter Systemprotokolle sammeln, also Dateien, die Interaktionen aufzeichnen und auch personenbezogene Daten, wie beispielsweise die IP-Adresse des Benutzers, enthalten k\u00f6nnen.<br \/>\nWeitere Informationen zur Verarbeitung der personenbezogenen Daten k\u00f6nnen jederzeit beim Verantwortlichen der Datenverarbeitung unter Verwendung der Kontaktangaben angefordert werden.<br \/>\n<strong>Aus\u00fcbung der Rechte der betroffenen Person<\/strong><br \/>\nGem\u00e4\u00df Art. 15-22 der Europ\u00e4ischen Verordnung 679\/2016 hat die betroffene Person das Recht, Auskunft dar\u00fcber zu erhalten, ob sie selbst betreffende Daten vorhanden sind \u2013 auch dann, wenn diese noch nicht gespeichert sind \u2013 sowie das Recht, dass diese Daten in verst\u00e4ndlicher Form \u00fcbermittelt werden.<\/p>\n<p>Die betroffene Person hat somit das Recht, \u00fcber folgende Aspekte informiert zu werden:<br \/>\na) die Herkunft der personenbezogenen Daten;<br \/>\nb) die Zwecke und Methoden der Verarbeitung;<br \/>\nc) die im Falle einer Verarbeitung mithilfe elektronischer Mittel angewandte Logik;<br \/>\nd) die Daten zur Identifizierung des Verantwortlichen und der Auftragsverarbeiter der Datenverarbeitung;<br \/>\ne) die Rechtssubjekte oder Kategorien von Rechtssubjekten, an welche die personenbezogenen Daten \u00fcbermittelt werden k\u00f6nnen oder die in ihrer Eigenschaft als benannter Vertreter im Staatsgebiet, als Auftragsverarbeiter oder als Datenverarbeiter dar\u00fcber Kenntnis erlangen k\u00f6nnen;<br \/>\nf) die Anpassung, Berichtigung oder ggf. Erg\u00e4nzung der Daten zu verlangen;<br \/>\ng) zu verlangen, dass widerrechtlich verarbeitete Daten gel\u00f6scht, anonymisiert oder gesperrt werden; dies gilt auch f\u00fcr Daten, deren Aufbewahrung f\u00fcr die Zwecke, f\u00fcr die sie erhoben oder sp\u00e4ter verarbeitet wurden, nicht erforderlich ist;<\/p>\n<p><strong>F\u00fcr die Verarbeitung Verantwortlicher<br \/>\n<\/strong>Der f\u00fcr die Verarbeitung Verantwortliche f\u00fcr diese Website ist\u00a0<strong>S.E.A. Societ\u00e0 Europea Autocaravn<\/strong>\u00a0<strong>S.p.A.\u00a0<\/strong>via Val d\u2019Aosta n. 4, Localit\u00e0 Fosci, 53036 Poggibonsi (SI) C.F. e P.IVA n. IT 03345730968, email:\u00a0<strong>privacy@trigano.it<\/strong><br \/>\nDer f\u00fcr die Verarbeitung Verantwortliche hat gem\u00e4\u00df Artikel 37-39 der Datenschutz-Grundverordnung einen DSB bestellt, dessen Name und Aktenzeichen beim f\u00fcr die Verarbeitung Verantwortlichen zu finden sind. Kontaktaufnahme mit dem DSB per E-Mail: dpo@trigano.it.<br \/>\nDer f\u00fcr die Verarbeitung Verantwortliche ist nicht f\u00fcr die Aktualisierung aller in dieser Cookies-Richtlinie angezeigten Links verantwortlich. Wenn also ein Link nicht funktioniert und\/oder nicht aktualisiert wird, erkennen die Benutzer an und akzeptieren, dass sie sich immer auf das Dokument und\/oder den Abschnitt der Websites beziehen m\u00fcssen, auf die dieser Link verweist.<\/p>\n<p>&nbsp;<\/p>\n<p>Cookie Policy aktualisiert im\u00a0<span class=\"Y2IQFc\" lang=\"de\">Oktober 2022<\/span><\/p>\n","protected":false},"excerpt":{"rendered":"<p>Diese Cookie Policy gilt f\u00fcr die Verwendung von Cookies durch die Website\u00a0www.mobilvetta.it F\u00fcr die Privacy Policy der Website\u00a0hier klicken. Cookies sind kleine Textdateien, die von den Websites f\u00fcr eine bessere Benutzerfreundlichkeit verwendet werden k\u00f6nnen. Sie werden an seinen Browser gesendet, wo sie gespeichert und daraufhin beim n\u00e4chsten Besuch der Website wieder zu dieser \u00fcbertragen werden. &hellip; <a href=\"https:\/\/mobilvetta.it\/de\/cookie-richtlinie\/\">Continued<\/a><\/p>\n","protected":false},"author":2,"featured_media":0,"parent":0,"menu_order":0,"comment_status":"closed","ping_status":"closed","template":"","meta":{"_acf_changed":false,"inline_featured_image":false,"footnotes":""},"class_list":["post-7359","page","type-page","status-publish","hentry"],"acf":[],"yoast_head":"<!-- This site is optimized with the Yoast SEO plugin v27.2 - https:\/\/yoast.com\/product\/yoast-seo-wordpress\/ -->\n<title>Cookie-Richtlinie - Mobilvetta<\/title>\n<meta name=\"robots\" content=\"index, follow, max-snippet:-1, max-image-preview:large, max-video-preview:-1\" \/>\n<link rel=\"canonical\" href=\"https:\/\/mobilvetta.it\/de\/cookie-richtlinie\/\" \/>\n<meta property=\"og:locale\" content=\"de_DE\" \/>\n<meta property=\"og:type\" content=\"article\" \/>\n<meta property=\"og:title\" content=\"Cookie-Richtlinie - Mobilvetta\" \/>\n<meta property=\"og:description\" content=\"Diese Cookie Policy gilt f\u00fcr die Verwendung von Cookies durch die Website\u00a0www.mobilvetta.it F\u00fcr die Privacy Policy der Website\u00a0hier klicken. Cookies sind kleine Textdateien, die von den Websites f\u00fcr eine bessere Benutzerfreundlichkeit verwendet werden k\u00f6nnen. Sie werden an seinen Browser gesendet, wo sie gespeichert und daraufhin beim n\u00e4chsten Besuch der Website wieder zu dieser \u00fcbertragen werden. &hellip; Continued\" \/>\n<meta property=\"og:url\" content=\"https:\/\/mobilvetta.it\/de\/cookie-richtlinie\/\" \/>\n<meta property=\"og:site_name\" content=\"Mobilvetta\" \/>\n<meta property=\"article:modified_time\" content=\"2024-07-10T09:44:42+00:00\" \/>\n<meta name=\"twitter:card\" content=\"summary_large_image\" \/>\n<meta name=\"twitter:label1\" content=\"Gesch\u00e4tzte Lesezeit\" \/>\n\t<meta name=\"twitter:data1\" content=\"9\u00a0Minuten\" \/>\n<script type=\"application\/ld+json\" class=\"yoast-schema-graph\">{\"@context\":\"https:\/\/schema.org\",\"@graph\":[{\"@type\":\"WebPage\",\"@id\":\"https:\/\/mobilvetta.it\/de\/cookie-richtlinie\/\",\"url\":\"https:\/\/mobilvetta.it\/de\/cookie-richtlinie\/\",\"name\":\"Cookie-Richtlinie - Mobilvetta\",\"isPartOf\":{\"@id\":\"https:\/\/mobilvetta.it\/de\/#website\"},\"datePublished\":\"2024-07-04T08:45:51+00:00\",\"dateModified\":\"2024-07-10T09:44:42+00:00\",\"breadcrumb\":{\"@id\":\"https:\/\/mobilvetta.it\/de\/cookie-richtlinie\/#breadcrumb\"},\"inLanguage\":\"de\",\"potentialAction\":[{\"@type\":\"ReadAction\",\"target\":[\"https:\/\/mobilvetta.it\/de\/cookie-richtlinie\/\"]}]},{\"@type\":\"BreadcrumbList\",\"@id\":\"https:\/\/mobilvetta.it\/de\/cookie-richtlinie\/#breadcrumb\",\"itemListElement\":[{\"@type\":\"ListItem\",\"position\":1,\"name\":\"Home\",\"item\":\"https:\/\/mobilvetta.it\/de\/\"},{\"@type\":\"ListItem\",\"position\":2,\"name\":\"Cookie-Richtlinie\"}]},{\"@type\":\"WebSite\",\"@id\":\"https:\/\/mobilvetta.it\/de\/#website\",\"url\":\"https:\/\/mobilvetta.it\/de\/\",\"name\":\"Mobilvetta\",\"description\":\"\",\"potentialAction\":[{\"@type\":\"SearchAction\",\"target\":{\"@type\":\"EntryPoint\",\"urlTemplate\":\"https:\/\/mobilvetta.it\/de\/?s={search_term_string}\"},\"query-input\":{\"@type\":\"PropertyValueSpecification\",\"valueRequired\":true,\"valueName\":\"search_term_string\"}}],\"inLanguage\":\"de\"}]}<\/script>\n<!-- \/ Yoast SEO plugin. -->","yoast_head_json":{"title":"Cookie-Richtlinie - Mobilvetta","robots":{"index":"index","follow":"follow","max-snippet":"max-snippet:-1","max-image-preview":"max-image-preview:large","max-video-preview":"max-video-preview:-1"},"canonical":"https:\/\/mobilvetta.it\/de\/cookie-richtlinie\/","og_locale":"de_DE","og_type":"article","og_title":"Cookie-Richtlinie - Mobilvetta","og_description":"Diese Cookie Policy gilt f\u00fcr die Verwendung von Cookies durch die Website\u00a0www.mobilvetta.it F\u00fcr die Privacy Policy der Website\u00a0hier klicken. Cookies sind kleine Textdateien, die von den Websites f\u00fcr eine bessere Benutzerfreundlichkeit verwendet werden k\u00f6nnen. Sie werden an seinen Browser gesendet, wo sie gespeichert und daraufhin beim n\u00e4chsten Besuch der Website wieder zu dieser \u00fcbertragen werden. &hellip; Continued","og_url":"https:\/\/mobilvetta.it\/de\/cookie-richtlinie\/","og_site_name":"Mobilvetta","article_modified_time":"2024-07-10T09:44:42+00:00","twitter_card":"summary_large_image","twitter_misc":{"Gesch\u00e4tzte Lesezeit":"9\u00a0Minuten"},"schema":{"@context":"https:\/\/schema.org","@graph":[{"@type":"WebPage","@id":"https:\/\/mobilvetta.it\/de\/cookie-richtlinie\/","url":"https:\/\/mobilvetta.it\/de\/cookie-richtlinie\/","name":"Cookie-Richtlinie - Mobilvetta","isPartOf":{"@id":"https:\/\/mobilvetta.it\/de\/#website"},"datePublished":"2024-07-04T08:45:51+00:00","dateModified":"2024-07-10T09:44:42+00:00","breadcrumb":{"@id":"https:\/\/mobilvetta.it\/de\/cookie-richtlinie\/#breadcrumb"},"inLanguage":"de","potentialAction":[{"@type":"ReadAction","target":["https:\/\/mobilvetta.it\/de\/cookie-richtlinie\/"]}]},{"@type":"BreadcrumbList","@id":"https:\/\/mobilvetta.it\/de\/cookie-richtlinie\/#breadcrumb","itemListElement":[{"@type":"ListItem","position":1,"name":"Home","item":"https:\/\/mobilvetta.it\/de\/"},{"@type":"ListItem","position":2,"name":"Cookie-Richtlinie"}]},{"@type":"WebSite","@id":"https:\/\/mobilvetta.it\/de\/#website","url":"https:\/\/mobilvetta.it\/de\/","name":"Mobilvetta","description":"","potentialAction":[{"@type":"SearchAction","target":{"@type":"EntryPoint","urlTemplate":"https:\/\/mobilvetta.it\/de\/?s={search_term_string}"},"query-input":{"@type":"PropertyValueSpecification","valueRequired":true,"valueName":"search_term_string"}}],"inLanguage":"de"}]}},"_links":{"self":[{"href":"https:\/\/mobilvetta.it\/de\/wp-json\/wp\/v2\/pages\/7359","targetHints":{"allow":["GET"]}}],"collection":[{"href":"https:\/\/mobilvetta.it\/de\/wp-json\/wp\/v2\/pages"}],"about":[{"href":"https:\/\/mobilvetta.it\/de\/wp-json\/wp\/v2\/types\/page"}],"author":[{"embeddable":true,"href":"https:\/\/mobilvetta.it\/de\/wp-json\/wp\/v2\/users\/2"}],"replies":[{"embeddable":true,"href":"https:\/\/mobilvetta.it\/de\/wp-json\/wp\/v2\/comments?post=7359"}],"version-history":[{"count":2,"href":"https:\/\/mobilvetta.it\/de\/wp-json\/wp\/v2\/pages\/7359\/revisions"}],"predecessor-version":[{"id":7361,"href":"https:\/\/mobilvetta.it\/de\/wp-json\/wp\/v2\/pages\/7359\/revisions\/7361"}],"wp:attachment":[{"href":"https:\/\/mobilvetta.it\/de\/wp-json\/wp\/v2\/media?parent=7359"}],"curies":[{"name":"wp","href":"https:\/\/api.w.org\/{rel}","templated":true}]}}